{"id":2329,"date":"2021-08-26T11:36:15","date_gmt":"2021-08-26T11:36:15","guid":{"rendered":"https:\/\/blackhawkcollision.com\/service-clientel\/"},"modified":"2021-08-27T12:24:31","modified_gmt":"2021-08-27T12:24:31","slug":"kundendienst","status":"publish","type":"page","link":"https:\/\/blackhawkcollision.com\/de\/kundendienst\/","title":{"rendered":"Kundendienst"},"content":{"rendered":"<figure class=\"wp-block-table\">\n<h2>Snap-on Equipment France<\/h2>\n<table>\n<tbody>\n<tr>\n<td><img loading=\"lazy\" decoding=\"async\" class=\"alignnone wp-image-2308\" src=\"https:\/\/blackhawkcollision.com\/wp-content\/uploads\/2021\/08\/Telephone-icon-280-x-280-red-1.png\" alt=\"\" width=\"100\" height=\"100\" srcset=\"https:\/\/blackhawkcollision.com\/wp-content\/uploads\/2021\/08\/Telephone-icon-280-x-280-red-1.png 280w, https:\/\/blackhawkcollision.com\/wp-content\/uploads\/2021\/08\/Telephone-icon-280-x-280-red-1-150x150.png 150w\" sizes=\"(max-width: 100px) 100vw, 100px\" \/><\/p>\n<h3>Eine Nummer erf\u00fcllt alle Ihre Bed\u00fcrfnisse!<\/h3>\n<p><strong>01 34 48 58 78<\/strong><\/p>\n<p>Montag bis Donnerstag: 8:00 bis 12:30 Uhr<br \/>\n14:00 &#8211; 12:15 Uhr au\u00dfer Freitag 16:00 Uhr<\/td>\n<\/tr>\n<tr>\n<td><a href=\"https:\/\/support.soefrance.fr\/\"><img loading=\"lazy\" decoding=\"async\" class=\"alignnone wp-image-2316\" src=\"https:\/\/blackhawkcollision.com\/wp-content\/uploads\/2021\/08\/Document-icon-280-x-280-red-1-150x150.png\" alt=\"\" width=\"100\" height=\"100\" srcset=\"https:\/\/blackhawkcollision.com\/wp-content\/uploads\/2021\/08\/Document-icon-280-x-280-red-1-150x150.png 150w, https:\/\/blackhawkcollision.com\/wp-content\/uploads\/2021\/08\/Document-icon-280-x-280-red-1.png 280w\" sizes=\"(max-width: 100px) 100vw, 100px\" \/><\/a><\/p>\n<h3><a href=\"https:\/\/support.soefrance.fr\/\">Klicken Sie hier, um auf Online-Anfragen zuzugreifen.<\/a><\/h3>\n<\/td>\n<\/tr>\n<tr>\n<td>&nbsp;<\/p>\n<p><img decoding=\"async\" class=\"wp-image-18489\" style=\"width: 125px;\" src=\"https:\/\/car-o-liner.com\/wp-content\/uploads\/2021\/08\/QR-code-Support-SOE-France-form.png\" alt=\"\" \/><\/p>\n<h3>Scanne und finde es heraus!<\/h3>\n<\/td>\n<\/tr>\n<\/tbody>\n<\/table>\n<\/figure>\n","protected":false},"excerpt":{"rendered":"<p>Snap-on Equipment France Eine Nummer erf\u00fcllt alle Ihre Bed\u00fcrfnisse! 01 34 48 58 78 Montag bis Donnerstag: 8:00 bis 12:30 Uhr 14:00 &#8211; 12:15 Uhr au\u00dfer Freitag 16:00 Uhr Klicken Sie hier, um auf Online-Anfragen zuzugreifen. &nbsp; Scanne und finde es heraus!<\/p>\n","protected":false},"author":483,"featured_media":0,"parent":0,"menu_order":0,"comment_status":"closed","ping_status":"closed","template":"","meta":{"footnotes":""},"_links":{"self":[{"href":"https:\/\/blackhawkcollision.com\/de\/wp-json\/wp\/v2\/pages\/2329"}],"collection":[{"href":"https:\/\/blackhawkcollision.com\/de\/wp-json\/wp\/v2\/pages"}],"about":[{"href":"https:\/\/blackhawkcollision.com\/de\/wp-json\/wp\/v2\/types\/page"}],"author":[{"embeddable":true,"href":"https:\/\/blackhawkcollision.com\/de\/wp-json\/wp\/v2\/users\/483"}],"replies":[{"embeddable":true,"href":"https:\/\/blackhawkcollision.com\/de\/wp-json\/wp\/v2\/comments?post=2329"}],"version-history":[{"count":3,"href":"https:\/\/blackhawkcollision.com\/de\/wp-json\/wp\/v2\/pages\/2329\/revisions"}],"predecessor-version":[{"id":2341,"href":"https:\/\/blackhawkcollision.com\/de\/wp-json\/wp\/v2\/pages\/2329\/revisions\/2341"}],"wp:attachment":[{"href":"https:\/\/blackhawkcollision.com\/de\/wp-json\/wp\/v2\/media?parent=2329"}],"curies":[{"name":"wp","href":"https:\/\/api.w.org\/{rel}","templated":true}]}}