{"id":247,"date":"2018-10-18T16:28:52","date_gmt":"2018-10-18T19:28:52","guid":{"rendered":"http:\/\/webapp61817.ip-72-14-190-229.cloudezapp.io\/notice-to-product-users\/"},"modified":"2019-02-14T13:50:50","modified_gmt":"2019-02-14T13:50:50","slug":"notice-to-product-users","status":"publish","type":"page","link":"https:\/\/blackhawkcollision.com\/de\/notice-to-product-users\/","title":{"rendered":"Hinweis f\u00fcr Produktbenutzer"},"content":{"rendered":"<p>Blackhawk-Produkte sind f\u00fcr die Verwendung durch Werkst\u00e4tten \/ Organisationen bestimmt und werden h\u00e4ufig von Ihnen verwaltet. Ihre Verwendung von Blackhawk-Produkten kann gegebenenfalls den Richtlinien Ihres Unternehmens unterliegen. Wenn Ihre Organisation die Verwendung der Blackhawk-Produkte verwaltet, richten Sie Ihre Datenschutzanfragen bitte an Ihren Administrator.<\/p>\n<p>Blackhawk \u00fcbernimmt keine Verantwortung f\u00fcr die Datenschutz- oder Sicherheitspraktiken unserer Kunden, die von den in dieser Datenschutzerkl\u00e4rung angegebenen abweichen k\u00f6nnen.<\/p>\n<p>Liste der f\u00fcr diesen Hinweis g\u00fcltigen Blackhawk-Produkte:<\/p>\n<p>Messsystem:<\/p>\n<ul>\n<li>Blackhawk Shark<\/li>\n<li>Blackhawk Prism<\/li>\n<li>Blackhawk Tech Tram<\/li>\n<\/ul>\n<p>Die folgende Extraktion des DSGVO-Absatzes in Blackhawk SAS (im Folgenden als [UNTERNEHMEN] bezeichnet), die aktuellste Softwarelizenzvereinbarung, gilt f\u00fcr alle Vertriebspartner \/ Kunden, die Blackhawk-Produkte verwenden, die oben aufgef\u00fchrt sind und damit der GDPR entsprechen, g\u00fcltig ab dem 25. Mai 2018 in ganz Europa:<\/p>\n<p><em>\u201c7. SAMMLUNG VON INFORMATIONEN<\/em><\/p>\n<p><em>7.1 Der Kunde erkl\u00e4rt sich damit einverstanden, dass [UNTERNEHMEN] von einem Kunden gesammelte technische Informationen erheben und verwenden darf, um die Funktionalit\u00e4t zu erleichtern und den Supportbedarf des Programms zu erkennen, das Programm zu verbessern und die Einhaltung der Bestimmungen dieser Vereinbarung zu \u00fcberpr\u00fcfen. Ohne das Vorstehende einzuschr\u00e4nken, kann die Firma [UNTERNEHMENS] die Endbenutzerhandlungen verfolgen, um ein besseres Verst\u00e4ndnis dar\u00fcber zu erlangen, wie der Kunde das Programm verwendet, und diese \u00fcber das Internet in einer zentralen Analysedatenbank aufzeichnen oder melden. Soweit diese Informationen personenbezogene Daten darstellen, ist [UNTERNEHMEN] der Verantwortliche f\u00fcr diese personenbezogenen Daten.<\/em><\/p>\n<p><em>7.2 Die Parteien erkennen an, dass [UNTERNEHMEN] personenbezogene Daten f\u00fcr die in Abschnitt 7.1 genannten Zwecke verarbeitet, basierend auf dem berechtigten Interesse von [UNTERNEHMEN] in \u00dcbereinstimmung mit den geltenden Datenschutzgesetzen und -bestimmungen. Beide Parteien halten jederzeit die geltenden Datenschutzgesetze und -bestimmungen zum Schutz nat\u00fcrlicher Personen bei der Verarbeitung personenbezogener Daten ein. Der Kunde erkennt an, dass [UNTERNEHMEN] personenbezogene Daten von Endbenutzern gem\u00e4\u00df den geltenden Datenschutz- und Datenschutzrichtlinien von [UNTERNEHMEN] verarbeitet, die von [UNTERNEHMEN] dem Kunden von Zeit zu Zeit zur Verf\u00fcgung gestellt werden.<\/em><\/p>\n<p><em>7.3 In Bezug auf die Verarbeitung personenbezogener Daten des Endnutzers f\u00fcr die oben genannten Zwecke (d. H. Wenn [UNTERNEHMEN] der Verantwortliche f\u00fcr personenbezogene Daten ist), verpflichtet sich der Kunde sicherzustellen, dass alle betroffenen Personen mit angemessenen Informationen versorgt werden. Der Kunde stellt [UNTERNEHMEN] f\u00fcr alle Sch\u00e4den frei, die sich aus der Nichteinhaltung dieser Ziffer 7 ergeben&#8220;<\/em><\/p>\n<p><em>Im Falle eines Konflikts zwischen dieser Mitteilung und den Bedingungen von Vereinbarungen zwischen einem Kunden und Blackhawk-Produkten werden die Bestimmungen dieser Vereinbarungen ma\u00dfgeblich sein.<\/em><\/p>\n<p>&nbsp;<\/p>\n<p><strong>BLACKHAWK VORGESCHLAGENE PRODUKT-PASSWORT-POLITIK<\/strong><\/p>\n<p>Das Folgende ist die von Blackhawk vorgeschlagene Kennwortrichtlinie, die bei der Registrierung \/ Einstellung \/ \u00c4nderung von Kennw\u00f6rtern f\u00fcr Blackhawk-Produkte zur Einhaltung der GDPR-Norm zu verwenden ist:<\/p>\n<p>Benutzer m\u00fcssen Kennw\u00f6rter ausw\u00e4hlen, die schwer zu erraten sind. Dies bedeutet, dass Passw\u00f6rter nicht mit der Arbeit oder dem pers\u00f6nlichen Leben eines Benutzers in Zusammenhang stehen d\u00fcrfen.<\/p>\n<ul>\n<li>Beispielsweise d\u00fcrfen ein Kfz-Kennzeichen, der Name des Ehepartners, der Geburtstag eines Kindes oder Fragmente einer Adresse nicht verwendet werden. Dies bedeutet auch, dass Kennw\u00f6rter in keiner Sprache ein Wort aus einem W\u00f6rterbuch sein d\u00fcrfen.<\/li>\n<li>Verwenden Sie beispielsweise keine Eigennamen, Orte, Fachausdr\u00fccke oder Slang. Wenn diese Art von Systemsoftware oder -konfiguration verf\u00fcgbar ist, muss verhindert werden, dass Benutzer leicht erratene Kennw\u00f6rter ausw\u00e4hlen, d. H. Kennw\u00f6rter, die die Kriterien dieser Richtlinie nicht erf\u00fcllen.<\/li>\n<\/ul>\n<p>Passw\u00f6rter sollten den folgenden Richtlinien entsprechen:<\/p>\n<ul>\n<li>Passw\u00f6rter d\u00fcrfen nicht notiert und an einem Ort aufbewahrt werden, an dem Unbefugte sie m\u00f6glicherweise entdecken<\/li>\n<li>Passw\u00f6rter d\u00fcrfen niemals an andere Personen als den berechtigten Benutzer weitergegeben werden<\/li>\n<li>Passw\u00f6rter m\u00fcssen sich von Passw\u00f6rtern unterscheiden, die f\u00fcr pers\u00f6nliche Systeme verwendet werden<\/li>\n<li>Kennw\u00f6rter m\u00fcssen mindestens 8 Zeichen lang sein<\/li>\n<li>Kennw\u00f6rter sollten keine wesentlichen Teile des Kontonamens des Benutzers oder des vollst\u00e4ndigen Namens enthalten<\/li>\n<li>Kennw\u00f6rter m\u00fcssen Zeichen aus drei der folgenden vier Kategorien enthalten:<\/li>\n<li>Englische Gro\u00dfbuchstaben (A bis Z)<\/li>\n<li>Englische Kleinbuchstaben (a bis z)<\/li>\n<li>Basis 10 Ziffern (0 bis 9)<\/li>\n<li>Nicht alphabetische Zeichen (zum Beispiel, !, $, #, %)<\/li>\n<\/ul>\n","protected":false},"excerpt":{"rendered":"<p>Blackhawk-Produkte sind f\u00fcr die Verwendung durch Werkst\u00e4tten \/ Organisationen bestimmt und werden h\u00e4ufig von Ihnen verwaltet. Ihre Verwendung von Blackhawk-Produkten kann gegebenenfalls den Richtlinien Ihres Unternehmens unterliegen. Wenn Ihre Organisation die Verwendung der Blackhawk-Produkte verwaltet, richten Sie Ihre Datenschutzanfragen bitte an Ihren Administrator. Blackhawk \u00fcbernimmt keine Verantwortung f\u00fcr die Datenschutz- oder Sicherheitspraktiken unserer Kunden, die [&hellip;]<\/p>\n","protected":false},"author":1,"featured_media":0,"parent":0,"menu_order":0,"comment_status":"closed","ping_status":"closed","template":"","meta":{"footnotes":""},"_links":{"self":[{"href":"https:\/\/blackhawkcollision.com\/de\/wp-json\/wp\/v2\/pages\/247"}],"collection":[{"href":"https:\/\/blackhawkcollision.com\/de\/wp-json\/wp\/v2\/pages"}],"about":[{"href":"https:\/\/blackhawkcollision.com\/de\/wp-json\/wp\/v2\/types\/page"}],"author":[{"embeddable":true,"href":"https:\/\/blackhawkcollision.com\/de\/wp-json\/wp\/v2\/users\/1"}],"replies":[{"embeddable":true,"href":"https:\/\/blackhawkcollision.com\/de\/wp-json\/wp\/v2\/comments?post=247"}],"version-history":[{"count":2,"href":"https:\/\/blackhawkcollision.com\/de\/wp-json\/wp\/v2\/pages\/247\/revisions"}],"predecessor-version":[{"id":490,"href":"https:\/\/blackhawkcollision.com\/de\/wp-json\/wp\/v2\/pages\/247\/revisions\/490"}],"wp:attachment":[{"href":"https:\/\/blackhawkcollision.com\/de\/wp-json\/wp\/v2\/media?parent=247"}],"curies":[{"name":"wp","href":"https:\/\/api.w.org\/{rel}","templated":true}]}}