{"id":2532,"date":"2024-02-29T19:06:38","date_gmt":"2024-02-29T19:06:38","guid":{"rendered":"https:\/\/blackhawkcollision.com\/?page_id=2532"},"modified":"2024-03-14T19:04:16","modified_gmt":"2024-03-14T19:04:16","slug":"total-shop-solutions","status":"publish","type":"page","link":"https:\/\/blackhawkcollision.com\/de\/total-shop-solutions\/","title":{"rendered":"Total Shop Solutions"},"content":{"rendered":"<p>&nbsp;<\/p>\n<style>\n.contentbody {\n\tmax-width:1200px;\n\tpadding:0 50px;\n\tmargin:auto;\n}\n.tecgrid {\n\tdisplay: grid;\n\tgrid-template-columns: 1fr 1fr;\n\tgrid-gap: 25px;\n}\n.tssgrid {\n\tdisplay:grid;\n\tgrid-template-columns: repeat(auto-fit, 300px);\n\tjustify-content: space-evenly;\n\tgrid-gap: 40px;\n\tmargin-top:40px;\n}\n.tssbox {\n\tdisplay:grid;\n\talign-content: center;\n\twidth:100%;\n\theight:250px;\n\tpadding:10px;\n\tbackground-color: #d0d0d0;\n\ttext-align:center;\n\tposition:relative;\n\tbox-shadow: 0 0 30px #888888;\n}\n.tsswordbox {\n\tposition:absolute;\n\ttop:0;\n\tleft:0;\n\tbackground-color: #d0d0d0;\n\ttext-align:left;\n\tmin-height:100%;\n\tpadding:10px;\n\topacity: 0;\n\ttransition: opacity 250ms ease-in-out 250ms;\n\tcolor:#000000;\n\tfont-size:15px;\n\tbox-shadow: 0 0 30px #888888;\n}\n.tsswordbox:hover {\n\topacity: 1;\n}\n.tssheader {\n\tmax-width:500px;\n\tmargin:auto;\n}\n.product-image {\n\twidth:100%;\n\theight:auto;\n}\n<\/style>\n<section>\n<div class=\"contentbody\">\n<div class=\"content800\">\n<p><strong>TOTAL SHOP SOLUTIONS<\/strong> ist der Markenverbund im Snap-on\u00ae-Konzern, in dem die besten Kfz-Werkstattprodukte in unserer Branche vereint sind.<\/p>\n<p>Von Radauswuchtmaschinen, \u00fcber Achsmess- und Diagnoseger\u00e4te bis zu Drehmaschinen f\u00fcr Bremsscheiben, Kfz-Hebeb\u00fchnen und Karosseriereparatursystemen bieten die Marken im Total Shop Solutions-Verbund eine einzigartige L\u00f6sungsbreite, um jede Werkstatt komplett ausstatten zu k\u00f6nnen.<\/p>\n<\/p><\/div>\n<div class=\"container\">\n<div class=\"tssgrid\">\n<div class=\"tssbox\"><a href=\"https:\/\/blackhawkcollision.com\/\" target=\"_blank\"><br \/>\n\t\t<img loading=\"lazy\" decoding=\"async\" src=\"https:\/\/hofmann-equipment.com\/uploads\/tss-logos\/blackhawk.png\" width=\"500\" height=\"200\" class=\"product-image\" alt=\"alt=\"blackhawk\"\"><\/p>\n<div class=\"tsswordbox\">\n\t\t\tBlackHawk\u2122, ein Mitglied der Snap-on\u00ae, TOTAL SHOP SOLUTIONS Familie, ist eine f\u00fchrende Marke f\u00fcr Richt-, Mess-, Hebe-, Schwei\u00df- und Induktionssysteme und bietet effiziente L\u00f6sungen mit h\u00f6chster Genauigkeit f\u00fcr die Kfz-Reparaturbranche.\n\t\t\t<\/div>\n<p>\t\t<\/a><\/div>\n<div class=\"tssbox\"><a href=\"https:\/\/www.snapon.com\/\" target=\"_blank\"><br \/>\n\t\t<img loading=\"lazy\" decoding=\"async\" src=\"https:\/\/hofmann-equipment.com\/uploads\/tss-logos\/snapon.png\" width=\"500\" height=\"200\" class=\"product-image\" alt=\"alt=\"snap-on\"\"><\/p>\n<div class=\"tsswordbox\">\n\t\t\tUnsere Produkte und Dienstleistungen umfassen Tausende von hochwertigen Handwerkzeugen, Elektrowerkzeugen, Werkzeugaufbewahrungsprodukten (einschlie\u00dflich Werkzeugsteuerungssoftware und -hardware), Diagnoseger\u00e4ten und zugeh\u00f6rigem Zubeh\u00f6r, elektronischen Ersatzteilkatalogen, L\u00f6sungen f\u00fcr die Garantieanalyse, Gesch\u00e4ftsverwaltungssystemen und -dienstleistungen, OEM-Spezialwerkzeugen und -ausr\u00fcstungen, Entwicklung und Vertrieb sowie OEM-Unterst\u00fctzungsdienstleistungen.\n\t\t\t<\/div>\n<p>\t\t<\/a><\/div>\n<div class=\"tssbox\"><a href=\"https:\/\/eu.sun-workshopsolutions.com\/\" target=\"_blank\"><br \/>\n\t\t<img loading=\"lazy\" decoding=\"async\" src=\"https:\/\/hofmann-equipment.com\/uploads\/tss-logos\/sun.png\" width=\"500\" height=\"200\" class=\"product-image\" alt=\"alt=\"sun\"\"><\/p>\n<div class=\"tsswordbox\">\n\t\t\tSUN\u00ae, eine der vielen Marken von Snap-on\u00ae, TOTAL SHOP SOLUTIONS, bietet umfassende Diagnose- und Reparaturinformationssysteme f\u00fcr alle Arten von Reparaturen &#8211; sowohl f\u00fcr Kollisionen als auch f\u00fcr mechanische Reparaturen &#8211; bei denen Erkenntnisse aus der Praxis mit OEM-Spezifikationen, Verfahren und mehr integriert werden, um Technikern zu helfen, Reparaturen mit Vertrauen zu beschleunigen.\n\t\t\t<\/div>\n<p>\t\t<\/a><\/div>\n<div class=\"tssbox\"><a href=\"https:\/\/www.johnbean.com\/\" target=\"_blank\"><br \/>\n\t\t<img loading=\"lazy\" decoding=\"async\" src=\"https:\/\/hofmann-equipment.com\/uploads\/tss-logos\/johnbean.png\" width=\"500\" height=\"200\" class=\"product-image\" alt=\"alt=\"john bean\"\"><\/p>\n<div class=\"tsswordbox\">\n\t\t\tJohn Bean\u00ae ist ein weltweit f\u00fchrender Anbieter von L\u00f6sungen f\u00fcr die Kfz-Unterbodenwartung und eine der vielen Marken, die Snap-on\u00ae, TOTAL SHOP SOLUTIONS den Inhabern und Leitern von Werkst\u00e4tten anbietet.\n\t\t\t<\/div>\n<p>\t\t<\/a><\/div>\n<div class=\"tssbox\"><a href=\"https:\/\/mitchell1.com\/\" target=\"_blank\"><br \/>\n\t\t<img loading=\"lazy\" decoding=\"async\" src=\"https:\/\/hofmann-equipment.com\/uploads\/tss-logos\/mitchell1.png\" width=\"500\" height=\"200\" class=\"product-image\" alt=\"alt=\"mitchell1\"\"><\/p>\n<div class=\"tsswordbox\">\n\t\t\tAls Mitglied der Snap-on\u00ae, TOTAL SHOP SOLUTIONS-Markenfamilie bietet Mitchell1\u00ae ein umfassendes Angebot an hochentwickelter Software und Dienstleistungen &#8211; einschlie\u00dflich Fahrzeugreparaturinformationen, Gesch\u00e4ftsmanagement und Marketing-Services -, um Kfz- und Nutzfahrzeugwerkst\u00e4tten dabei zu helfen, die Effizienz und Rentabilit\u00e4t in jedem Schritt des Reparaturprozesses zu verbessern.\n\t\t\t<\/div>\n<p>\t\t<\/a><\/div>\n<div class=\"tssbox\"><a href=\"https:\/\/eu.cartec-equipment.com\/\" target=\"_blank\"><br \/>\n\t\t\t<img loading=\"lazy\" decoding=\"async\" src=\"https:\/\/hofmann-equipment.com\/uploads\/tss-logos\/cartec.png\" width=\"500\" height=\"200\" class=\"product-image\" alt=\"alt=\"cartec\"\"><\/p>\n<div class=\"tsswordbox\">\n\t\t\t\tAls eine der vielen Marken von Snap-on\u00ae, TOTAL SHOP SOLUTIONS, bietet Cartec\u00ae der Automobil- und LKW-Reparaturbranche fortschrittliche Pr\u00fcftechnologie f\u00fcr modulare Systeme, einschlie\u00dflich Ger\u00e4ten zur Pr\u00fcfung von Bremsen, Aufh\u00e4ngung, Lenkung, Geschwindigkeit, Emissionen und mehr.\n\t\t\t<\/div>\n<p>\t\t<\/a><\/div>\n<div class=\"tssbox\"><a href=\"https:\/\/www.hofmann-equipment.com\/\" target=\"_blank\"><br \/>\n\t\t\t<img loading=\"lazy\" decoding=\"async\" src=\"https:\/\/hofmann-equipment.com\/uploads\/tss-logos\/hofmann.png\" width=\"500\" height=\"500\" class=\"product-image\" alt=\"alt=\"hofmann\"\"><\/p>\n<div class=\"tsswordbox\">\n\t\t\t\tDie hervorragende technische Leistung von Radauswuchtmaschinen, Reifenmontiermaschinen, Achsmessger\u00e4ten, Hebeb\u00fchnen und mehr hat Hofmann\u00ae zu einem vertrauensw\u00fcrdigen und respektierten Partner von OEMs und Reparaturfachleuten weltweit gemacht. Snap-on\u00ae, TOTAL SHOP SOLUTIONS freut sich, Hofmann in seiner gro\u00dfen Markenfamilie zu haben.\n\t\t\t<\/div>\n<p>\t\t<\/a><\/div>\n<div class=\"tssbox\"><a href=\"http:\/\/www.kansasjack.com\/\" target=\"_blank\"><br \/>\n\t\t<img loading=\"lazy\" decoding=\"async\" src=\"https:\/\/hofmann-equipment.com\/uploads\/tss-logos\/kansasjack.png\" width=\"500\" height=\"200\" class=\"product-image\" alt=\"alt=\"kansas jack\"\"><\/p>\n<div class=\"tsswordbox\">\n\t\t\tDie Kfz-Reparaturbranche vertraut auf Kansas Jack, eine der vielen Marken von Snap-on\u00ae, TOTAL SHOP SOLUTIONS. Die Rahmenmessdaten, Richt- und Schwei\u00dfger\u00e4te von Kansas Jack\u00ae bieten die Werkzeuge, die f\u00fcr schnelle und pr\u00e4zise Reparaturen ben\u00f6tigt werden.\n\t\t\t<\/div>\n<p>\t\t<\/a><\/div>\n<div class=\"tssbox\"><a href=\"https:\/\/eu.boxer-equipment.com\/\" target=\"_blank\"><br \/>\n\t\t<img loading=\"lazy\" decoding=\"async\" src=\"https:\/\/hofmann-equipment.com\/uploads\/tss-logos\/boxer.png\" width=\"500\" height=\"200\" class=\"product-image\" alt=\"alt=\"boxer\"\"><\/p>\n<div class=\"tsswordbox\">\n\t\t\tVon Reifenmontiermaschinen \u00fcber Radauswuchtmaschinen bis hin zu Schwerlastsystemen ist Boxer\u00ae nur eine der vielen Marken von Snap-on\u00ae, TOTAL SHOP SOLUTIONS, die als Inspiration f\u00fcr die Technologie von morgen dienen.\n\t\t\t<\/div>\n<p>\t\t<\/a><\/div>\n<div class=\"tssbox\"><a href=\"https:\/\/www.nexiq.com\/\" target=\"_blank\"><br \/>\n\t\t<img loading=\"lazy\" decoding=\"async\" src=\"https:\/\/hofmann-equipment.com\/uploads\/tss-logos\/nexiq.png\" width=\"500\" height=\"200\" class=\"product-image\" alt=\"alt=\"nexiq\"\"><\/p>\n<div class=\"tsswordbox\">\n\t\t\tNexiq Technologies\u00ae, eine der vielen Marken von Snap-on\u00ae, TOTAL SHOP SOLUTIONS, entwickelt, produziert und vertreibt wichtige Diagnose- und Informationsmanagement-Tools f\u00fcr die Nutzfahrzeugindustrie in ganz Nordamerika, einschlie\u00dflich OEMs, H\u00e4ndler, Aftermarket-Kunden und mehr.\n\t\t\t<\/div>\n<p>\t\t<\/a><\/div>\n<div class=\"tssbox\"><a href=\"https:\/\/eu.cartec-equipment.com\/\" target=\"_blank\"><br \/>\n\t\t<img loading=\"lazy\" decoding=\"async\" src=\"https:\/\/hofmann-equipment.com\/uploads\/tss-logos\/cartec.png\" width=\"500\" height=\"200\" class=\"product-image\" alt=\"alt=\"cartec\"\"><\/p>\n<div class=\"tsswordbox\">\n\t\t\tAls eine der vielen Marken von Snap-on\u00ae, TOTAL SHOP SOLUTIONS, bietet Cartec\u00ae der Automobil- und LKW-Reparaturbranche fortschrittliche Pr\u00fcftechnologie f\u00fcr modulare Systeme, einschlie\u00dflich Ger\u00e4ten zur Pr\u00fcfung von Bremsen, Aufh\u00e4ngung, Lenkung, Geschwindigkeit, Emissionen und mehr.\n\t\t\t<\/div>\n<p>\t\t<\/a><\/div>\n<div class=\"tssbox\"><a href=\"https:\/\/www.challengerlifts.com\/\" target=\"_blank\"><br \/>\n\t\t<img loading=\"lazy\" decoding=\"async\" src=\"https:\/\/hofmann-equipment.com\/uploads\/tss-logos\/challenger.png\" width=\"500\" height=\"200\" class=\"product-image\" alt=\"alt=\"challenger\"\"><\/p>\n<div class=\"tsswordbox\">\n\t\t\tChallenger Lifts ist eine der vielen Marken von Snap-on\u00ae, TOTAL SHOP SOLUTIONS, die innovative L\u00f6sungen in der Automobilhebeb\u00fchnenbranche anbieten, darunter Unterflur-, 2-S\u00e4ulen-, 4-S\u00e4ulen-, mobile S\u00e4ulen und mehr.\n\t\t\t<\/div>\n<p>\t\t<\/a><\/div>\n<div class=\"tssbox\"><a href=\"https:\/\/www.procutusa.com\/\" target=\"_blank\"><br \/>\n\t\t<img loading=\"lazy\" decoding=\"async\" src=\"https:\/\/hofmann-equipment.com\/uploads\/tss-logos\/pro-cut.png\" width=\"500\" height=\"200\" class=\"product-image\" alt=\"alt=\"pro-cut\"\"><\/p>\n<div class=\"tsswordbox\">\n\t\t\tPro-Cut Bremsenl\u00f6sungen von Snap-on\u00ae, TOTAL SHOP SOLUTIONS: Bremsendrehmaschinen, die von den meisten OEM-Marken f\u00fcr Reparaturen im Rahmen der Garantie gefordert werden und von den meisten Bremstechnikern im Einzelhandel wegen ihrer Genauigkeit, Effizienz und Rentabilit\u00e4t gesch\u00e4tzt werden. Pro-Cut: Never Outmatched\u2122\n\t\t\t<\/div>\n<p>\t\t<\/a><\/div>\n<div class=\"tssbox\"><a href=\"https:\/\/www.ecotechnics.com\/\" target=\"_blank\"><br \/>\n\t\t<img loading=\"lazy\" decoding=\"async\" src=\"https:\/\/hofmann-equipment.com\/uploads\/tss-logos\/ecotechnics.png\" width=\"500\" height=\"200\" class=\"product-image\" alt=\"alt=\"ecotechnics\"\"><\/p>\n<div class=\"tsswordbox\">\n\t\t\tEcotechnics\u00ae ist ein f\u00fchrender Innovator im Bereich der R\u00fcckgewinnung, des Recyclings und des Auff\u00fcllens von K\u00e4ltemitteln f\u00fcr Kfz-Klimaanlagen. Das Unternehmen ist Mitglied der Snap-on\u00ae, TOTAL SHOP SOLUTIONS Familie und stellt Produkte her, die f\u00fcr Pkw, Lkw, Busse und landwirtschaftliche Fahrzeuge geeignet sind.\n\t\t\t<\/div>\n<p>\t\t<\/a><\/div>\n<div class=\"tssbox\"><a href=\"https:\/\/car-o-liner.com\/\" target=\"_blank\"><br \/>\n\t\t<img loading=\"lazy\" decoding=\"async\" src=\"https:\/\/hofmann-equipment.com\/uploads\/tss-logos\/caroliner.png\" width=\"500\" height=\"200\" class=\"product-image\" alt=\"alt=\"car-o-liner\"\"><\/p>\n<div class=\"tsswordbox\">\n\t\t\tAls Mitglied der Snap-on\u00ae, TOTAL SHOP SOLUTIONS-Familie ist Car-O-Liner\u00ae der weltweit f\u00fchrende Anbieter von qualitativ hochwertigen, technologisch fortschrittlichen Reparaturger\u00e4ten f\u00fcr den Kfz-Ersatzteilmarkt und bietet innovative L\u00f6sungen, technische Entwicklung, Schulungen und Kundensupport weltweit.\n\t\t\t<\/div>\n<p>\t\t<\/a><\/div>\n<div class=\"tssbox\"><a href=\"https:\/\/josam.se\/\" target=\"_blank\"><br \/>\n\t\t<img loading=\"lazy\" decoding=\"async\" src=\"https:\/\/hofmann-equipment.com\/uploads\/tss-logos\/josam.png\" width=\"500\" height=\"200\" class=\"product-image\" alt=\"alt=\"josam\"\"><\/p>\n<div class=\"tsswordbox\">\n\t\t\tJosam\u00ae, ein Mitglied der Snap-on\u00ae, TOTAL SHOP SOLUTIONS Familie, ist ein weltweiter Hersteller und Anbieter von Achsvermessungs-, Richt- und Induktionserw\u00e4rmungsanlagen f\u00fcr die Schwerfahrzeugindustrie.\n\t\t\t<\/div>\n<p>\t\t<\/a><\/div>\n<div class=\"tssbox\"><a href=\"https:\/\/truckcam.com\/\" target=\"_blank\"><br \/>\n\t\t<img loading=\"lazy\" decoding=\"async\" src=\"https:\/\/hofmann-equipment.com\/uploads\/tss-logos\/truckcam.png\" width=\"500\" height=\"200\" class=\"product-image\" alt=\"alt=\"truckcam\"\"><\/p>\n<div class=\"tsswordbox\">\n\t\t\tErstausr\u00fcster auf der ganzen Welt verlassen sich auf truckCAM\u2122, ein Mitglied der Snap-on\u00ae TOTAL SHOP SOLUTIONS-Familie, wenn es um End-of-Line-L\u00f6sungen f\u00fcr die Achsvermessung, den adaptiven Geschwindigkeitsregler und die patentierte Kameratechnologie des Spurhaltewarnsystems in der Schwerlastfahrzeugindustrie geht.\n\t\t\t<\/div>\n<p>\t\t<\/a><\/div>\n<div class=\"tssbox\"><a href=\"https:\/\/autovhc.com\/\" target=\"_blank\"><br \/>\n\t\t<img loading=\"lazy\" decoding=\"async\" src=\"https:\/\/hofmann-equipment.com\/uploads\/tss-logos\/autohc.png\" width=\"500\" height=\"200\" class=\"product-image\" alt=\"alt=\"auto hc\"\"><\/p>\n<div class=\"tsswordbox\">\n\t\t\tEine der Marken von Snap-on\u00ae, TOTAL SHOP SOLUTIONS, ist autoVHC\u00ae, eine Cloud-basierte Plattform f\u00fcr den elektronischen Fahrzeug-Gesundheitscheck, die einen einfach zu kontrollierenden Arbeitsablauf einrichtet und Ihre Inspektion mit Video- und Fotoaufnahmen und benutzerfreundlichen Berichten zum Leben erweckt.\n\t\t\t<\/div>\n<p>\t\t<\/a><\/div>\n<div class=\"tssbox\"><a href=\"https:\/\/www.dealer-fx.com\/\" target=\"_blank\"><br \/>\n\t\t<img loading=\"lazy\" decoding=\"async\" src=\"https:\/\/hofmann-equipment.com\/uploads\/tss-logos\/Dealer-FX-logo.png\" width=\"300\" height=\"28\" class=\"product-image\" alt=\"alt=\"dealer fx\"\"><\/p>\n<div class=\"tsswordbox\">\n\t\t\tONE Platform von Dealer-FX &#8211; ein Mitglied der Snap-on\u00ae, TOTAL SHOP SOLUTIONS Markenfamilie &#8211; unterst\u00fctzt Kfz-Werkst\u00e4tten bei der Verwaltung der Prozesse in ihrer Serviceabteilung. Von der Kundenkommunikation \u00fcber Kostenvoranschl\u00e4ge und Terminplanung bis hin zur Genehmigung, Abrechnung und Bezahlung bietet Dealer-FX die einzige vollst\u00e4ndig integrierte L\u00f6sung auf dem Markt.\n\t\t\t<\/div>\n<\/p><\/div>\n<p><\/a>\n\t\t<\/div>\n<\/p><\/div>\n<\/p><\/div>\n<\/p><\/div>\n<\/section>\n","protected":false},"excerpt":{"rendered":"<p>&nbsp; TOTAL SHOP SOLUTIONS ist der Markenverbund im Snap-on\u00ae-Konzern, in dem die besten Kfz-Werkstattprodukte in unserer Branche vereint sind. Von Radauswuchtmaschinen, \u00fcber Achsmess- und Diagnoseger\u00e4te bis zu Drehmaschinen f\u00fcr Bremsscheiben, Kfz-Hebeb\u00fchnen und Karosseriereparatursystemen bieten die Marken im Total Shop Solutions-Verbund eine einzigartige L\u00f6sungsbreite, um jede Werkstatt komplett ausstatten zu k\u00f6nnen. BlackHawk\u2122, ein Mitglied der Snap-on\u00ae, [&hellip;]<\/p>\n","protected":false},"author":486,"featured_media":0,"parent":0,"menu_order":0,"comment_status":"closed","ping_status":"closed","template":"","meta":{"footnotes":""},"_links":{"self":[{"href":"https:\/\/blackhawkcollision.com\/de\/wp-json\/wp\/v2\/pages\/2532"}],"collection":[{"href":"https:\/\/blackhawkcollision.com\/de\/wp-json\/wp\/v2\/pages"}],"about":[{"href":"https:\/\/blackhawkcollision.com\/de\/wp-json\/wp\/v2\/types\/page"}],"author":[{"embeddable":true,"href":"https:\/\/blackhawkcollision.com\/de\/wp-json\/wp\/v2\/users\/486"}],"replies":[{"embeddable":true,"href":"https:\/\/blackhawkcollision.com\/de\/wp-json\/wp\/v2\/comments?post=2532"}],"version-history":[{"count":2,"href":"https:\/\/blackhawkcollision.com\/de\/wp-json\/wp\/v2\/pages\/2532\/revisions"}],"predecessor-version":[{"id":2548,"href":"https:\/\/blackhawkcollision.com\/de\/wp-json\/wp\/v2\/pages\/2532\/revisions\/2548"}],"wp:attachment":[{"href":"https:\/\/blackhawkcollision.com\/de\/wp-json\/wp\/v2\/media?parent=2532"}],"curies":[{"name":"wp","href":"https:\/\/api.w.org\/{rel}","templated":true}]}}