{"id":1359,"date":"2018-10-18T16:28:52","date_gmt":"2018-10-18T19:28:52","guid":{"rendered":"https:\/\/blackhawk.fr\/notice-to-product-users\/"},"modified":"2020-05-25T15:07:34","modified_gmt":"2020-05-25T15:07:34","slug":"notice-to-product-users","status":"publish","type":"page","link":"https:\/\/blackhawkcollision.com\/es\/notice-to-product-users\/","title":{"rendered":"Notice to Product Users"},"content":{"rendered":"<p>Los productos Blackhawk est\u00e1n destinados a ser utilizados por talleres \/ organizaciones y su organizaci\u00f3n a menudo los administra a usted. Su uso de los productos Blackhawk puede estar sujeto a las pol\u00edticas de su organizaci\u00f3n, si corresponde. Si su organizaci\u00f3n administra su uso de los productos Blackhawk, dirija sus consultas de privacidad a su administrador.<\/p>\n<p>Blackhawk no es responsable de las pr\u00e1cticas de privacidad o seguridad de nuestros clientes, que pueden diferir de las establecidas en esta declaraci\u00f3n de privacidad.<\/p>\n<p>Lista de productos Blackhawk v\u00e1lidos para este aviso:<\/p>\n<p>Sistema de medici\u00f3n:<\/p>\n<ul>\n<li>Blackhawk Shark<\/li>\n<li>Blackhawk Prism<\/li>\n<li>Blackhawk Tech Tram<\/li>\n<\/ul>\n<p>La siguiente extracci\u00f3n del p\u00e1rrafo GDPR en Blackhawk SAS (denominado [EMPRESA] a continuaci\u00f3n) \u00faltimo acuerdo de licencia de software se aplica a todos los distribuidores \/ clientes que utilizan los productos Blackhawk enumerados anteriormente y que cumplen con GDPR, v\u00e1lido desde el 25 de mayo de 2018 en toda Europa:<\/p>\n<p><em>\u201c7. COLECCI\u00d3N DE INFORMACI\u00d3N<\/em><\/p>\n<p><em>7.1 El Cliente acepta que [EMPRESA] puede recopilar y utilizar la informaci\u00f3n t\u00e9cnica recopilada de un Cliente para facilitar la funcionalidad e identificar las necesidades de soporte del Programa, as\u00ed como mejorar el Programa y verificar el cumplimiento de los t\u00e9rminos de este Acuerdo. Sin limitar lo anterior, con el fin de obtener una mejor comprensi\u00f3n de c\u00f3mo el Cliente utiliza el Programa, [EMPRESA] puede rastrear las acciones del usuario final y registrarlas o informarlas a trav\u00e9s de Internet a una base de datos de an\u00e1lisis central. En la medida en que esta informaci\u00f3n constituya Datos personales, [EMPRESA] ser\u00e1 el controlador de dichos Datos personales.<\/em><\/p>\n<p><em>7.2 Las Partes reconocen que [EMPRESA] procesa Datos personales para los fines establecidos en la Secci\u00f3n 7.1 en funci\u00f3n del inter\u00e9s leg\u00edtimo de [EMPRESA] de acuerdo con las leyes y regulaciones de protecci\u00f3n de datos aplicables. Ambas partes deber\u00e1n cumplir en todo momento con las leyes y regulaciones de protecci\u00f3n de datos aplicables para la protecci\u00f3n de las personas con respecto al procesamiento de datos personales. El Cliente reconoce que [EMPRESA] procesa los Datos personales de los usuarios finales tal como se establece en las pol\u00edticas de seguridad y privacidad de datos aplicables de [EMPRESA] que son proporcionados por [EMPRESA] al Cliente de vez en cuando.<\/em><\/p>\n<p><em>7.3 En relaci\u00f3n con el procesamiento de los Datos personales de los usuarios finales para los fines especificados anteriormente (es decir, cuando [LA COMPA\u00d1\u00cdA] es el controlador de los Datos personales), el Cliente se compromete a garantizar que todos los interesados reciban la informaci\u00f3n adecuada. El Cliente indemnizar\u00e1 a [LA COMPA\u00d1\u00cdA] por todos los da\u00f1os debidos al incumplimiento de esta Secci\u00f3n 7&#8243;<\/em><\/p>\n<p><em>En caso de conflicto entre este aviso y los t\u00e9rminos de cualquier acuerdo entre un cliente y Blackhawk Products, prevalecer\u00e1n los t\u00e9rminos de dicho acuerdo.<\/em><\/p>\n<p>&nbsp;<\/p>\n<p><strong>POL\u00cdTICA DE CONTRASE\u00d1A DE PRODUCTO PROPUESTA DE BLACKHAWK<\/strong><\/p>\n<p>La siguiente es la pol\u00edtica de contrase\u00f1a propuesta de Blackhawk que se utilizar\u00e1 cuando se registre \/ configure \/ cambie las contrase\u00f1as para que los productos Blackhawk cumplan con el est\u00e1ndar GDPR:<\/p>\n<p>Los usuarios deben elegir contrase\u00f1as dif\u00edciles de adivinar. Esto significa que las contrase\u00f1as no deben estar relacionadas con el trabajo o la vida personal de un usuario.<\/p>\n<ul>\n<li>Por ejemplo, no se debe usar el n\u00famero de matr\u00edcula de un autom\u00f3vil, el nombre del c\u00f3nyuge, el cumplea\u00f1os del ni\u00f1o o fragmentos de una direcci\u00f3n. Esto tambi\u00e9n significa que las contrase\u00f1as no deben ser una palabra de un diccionario, en ning\u00fan idioma.<\/li>\n<li>Por ejemplo, no use nombres propios, lugares, t\u00e9rminos t\u00e9cnicos o jerga. Cuando este tipo de software o configuraci\u00f3n de sistemas est\u00e9 disponible, se debe evitar que los usuarios seleccionen contrase\u00f1as f\u00e1ciles de adivinar, es decir, contrase\u00f1as que no cumplan con los criterios de esta pol\u00edtica.<\/li>\n<\/ul>\n<p>Las contrase\u00f1as deben cumplir con las siguientes pautas:<\/p>\n<ul>\n<li>Las contrase\u00f1as no deben escribirse ni dejarse en un lugar donde personas no autorizadas puedan descubrirlas<\/li>\n<li>Las contrase\u00f1as nunca deben compartirse ni revelarse a nadie m\u00e1s que al usuario autorizado<\/li>\n<li>Las contrase\u00f1as deben ser diferentes de las contrase\u00f1as utilizadas para sistemas personales<\/li>\n<li>Las contrase\u00f1as deben tener un m\u00ednimo de 8 caracteres de longitud<\/li>\n<li>Las contrase\u00f1as no deben contener partes significativas del nombre de la cuenta del usuario o el nombre completo<\/li>\n<li>Las contrase\u00f1as deben contener caracteres de tres de las siguientes cuatro categor\u00edas:<\/li>\n<li>Caracteres en may\u00fascula en ingl\u00e9s (A a Z)<\/li>\n<li>Caracteres en min\u00fascula en ingl\u00e9s (de la A a la Z)<\/li>\n<li>Base 10 d\u00edgitos (0 a 9)<\/li>\n<li>Caracteres no alfab\u00e9ticos (por ejemplo,!, $, #,%)<\/li>\n<\/ul>\n","protected":false},"excerpt":{"rendered":"<p>Los productos Blackhawk est\u00e1n destinados a ser utilizados por talleres \/ organizaciones y su organizaci\u00f3n a menudo los administra a usted. Su uso de los productos Blackhawk puede estar sujeto a las pol\u00edticas de su organizaci\u00f3n, si corresponde. Si su organizaci\u00f3n administra su uso de los productos Blackhawk, dirija sus consultas de privacidad a su [&hellip;]<\/p>\n","protected":false},"author":1,"featured_media":0,"parent":0,"menu_order":0,"comment_status":"closed","ping_status":"closed","template":"","meta":{"footnotes":""},"_links":{"self":[{"href":"https:\/\/blackhawkcollision.com\/es\/wp-json\/wp\/v2\/pages\/1359"}],"collection":[{"href":"https:\/\/blackhawkcollision.com\/es\/wp-json\/wp\/v2\/pages"}],"about":[{"href":"https:\/\/blackhawkcollision.com\/es\/wp-json\/wp\/v2\/types\/page"}],"author":[{"embeddable":true,"href":"https:\/\/blackhawkcollision.com\/es\/wp-json\/wp\/v2\/users\/1"}],"replies":[{"embeddable":true,"href":"https:\/\/blackhawkcollision.com\/es\/wp-json\/wp\/v2\/comments?post=1359"}],"version-history":[{"count":2,"href":"https:\/\/blackhawkcollision.com\/es\/wp-json\/wp\/v2\/pages\/1359\/revisions"}],"predecessor-version":[{"id":1464,"href":"https:\/\/blackhawkcollision.com\/es\/wp-json\/wp\/v2\/pages\/1359\/revisions\/1464"}],"wp:attachment":[{"href":"https:\/\/blackhawkcollision.com\/es\/wp-json\/wp\/v2\/media?parent=1359"}],"curies":[{"name":"wp","href":"https:\/\/api.w.org\/{rel}","templated":true}]}}