{"id":2539,"date":"2024-02-29T19:29:44","date_gmt":"2024-02-29T19:29:44","guid":{"rendered":"https:\/\/blackhawkcollision.com\/?page_id=2539"},"modified":"2024-03-14T19:05:23","modified_gmt":"2024-03-14T19:05:23","slug":"total-shop-solutions","status":"publish","type":"page","link":"https:\/\/blackhawkcollision.com\/es\/total-shop-solutions\/","title":{"rendered":"Total Shop Solutions"},"content":{"rendered":"<p>&nbsp;<\/p>\n<style>\n.contentbody {\n\tmax-width:1200px;\n\tpadding:0 50px;\n\tmargin:auto;\n}\n.tecgrid {\n\tdisplay: grid;\n\tgrid-template-columns: 1fr 1fr;\n\tgrid-gap: 25px;\n}\n.tssgrid {\n\tdisplay:grid;\n\tgrid-template-columns: repeat(auto-fit, 300px);\n\tjustify-content: space-evenly;\n\tgrid-gap: 40px;\n\tmargin-top:40px;\n}\n.tssbox {\n\tdisplay:grid;\n\talign-content: center;\n\twidth:100%;\n\theight:250px;\n\tpadding:10px;\n\tbackground-color: #d0d0d0;\n\ttext-align:center;\n\tposition:relative;\n\tbox-shadow: 0 0 30px #888888;\n}\n.tsswordbox {\n\tposition:absolute;\n\ttop:0;\n\tleft:0;\n\tbackground-color: #d0d0d0;\n\ttext-align:left;\n\tmin-height:100%;\n\tpadding:10px;\n\topacity: 0;\n\ttransition: opacity 250ms ease-in-out 250ms;\n\tcolor:#000000;\n\tfont-size:15px;\n\tbox-shadow: 0 0 30px #888888;\n}\n.tsswordbox:hover {\n\topacity: 1;\n}\n.tssheader {\n\tmax-width:500px;\n\tmargin:auto;\n}\n.product-image {\n\twidth:100%;\n\theight:auto;\n}\n<\/style>\n<section>\n<div class=\"contentbody\">\n<div class=\"content800\">\n<p><strong>TOTAL SHOP SOLUTIONS<\/strong> es una familia de marcas Snap-on&reg; que une de manera perfecta las excelentes ofertas superiores de reparaci&oacute;n automotriz de varios sectores de la industria.<br \/>\nDesde balanceadoras de ruedas, alineadoras de ruedas y diagn&oacute;sticos de &uacute;ltima generaci&oacute;n hasta tornos de frenos, elevadores de autom&oacute;viles y soluciones de reparaci&oacute;n de colisiones, las marcas incluidas dentro de la familia Total Shop Solutions ofrecen una gama exclusiva de opciones, proporcionando un conjunto completo de herramientas para equipar cualquier taller.&nbsp;<\/p>\n<\/div>\n<div class=\"container\">\n<div class=\"tssgrid\">\n<div class=\"tssbox\"><a href=\"https:\/\/blackhawkcollision.com\/\" target=\"_blank\"><br \/>\n\t\t<img loading=\"lazy\" decoding=\"async\" src=\"https:\/\/hofmann-equipment.com\/uploads\/tss-logos\/blackhawk.png\" width=\"500\" height=\"200\" class=\"product-image\" alt=\"alt=\"blackhawk\"\"><\/p>\n<div class=\"tsswordbox\">\n\t\t\tBlackHawk\u2122, miembro de la familia Snap-on\u00ae, TOTAL SHOP SOLUTIONS, es una marca l\u00edder en sistemas de enderezado, medici\u00f3n, elevaci\u00f3n, soldadura e inducci\u00f3n, que ofrece soluciones eficaces con una precisi\u00f3n milim\u00e9trica en el sector de la reparaci\u00f3n de colisiones en automoci\u00f3n.\n\t\t\t<\/div>\n<p>\t\t<\/a><\/div>\n<div class=\"tssbox\"><a href=\"https:\/\/www.snapon.com\/\" target=\"_blank\"><br \/>\n\t\t<img loading=\"lazy\" decoding=\"async\" src=\"https:\/\/hofmann-equipment.com\/uploads\/tss-logos\/snapon.png\" width=\"500\" height=\"200\" class=\"product-image\" alt=\"alt=\"snap-on\"\"><\/p>\n<div class=\"tsswordbox\">\n\t\t\tNuestros productos y servicios abarcan miles de herramientas manuales de primera calidad, herramientas el\u00e9ctricas, productos de almacenamiento de herramientas (incluidos software y hardware de control de herramientas), diagn\u00f3sticos, equipos y accesorios relacionados, cat\u00e1logos electr\u00f3nicos de piezas de recambio, soluciones de an\u00e1lisis de garant\u00edas, sistemas y servicios de gesti\u00f3n empresarial, herramientas especializadas OEM y desarrollo y distribuci\u00f3n de equipos, as\u00ed como servicios de facilitaci\u00f3n OEM.\n\t\t\t<\/div>\n<p>\t\t<\/a><\/div>\n<div class=\"tssbox\"><a href=\"https:\/\/eu.sun-workshopsolutions.com\/\" target=\"_blank\"><br \/>\n\t\t<img loading=\"lazy\" decoding=\"async\" src=\"https:\/\/hofmann-equipment.com\/uploads\/tss-logos\/sun.png\" width=\"500\" height=\"200\" class=\"product-image\" alt=\"alt=\"sun\"\"><\/p>\n<div class=\"tsswordbox\">\n\t\t\tSUN\u00ae, una de las muchas marcas de Snap-on\u00ae, TOTAL SHOP SOLUTIONS, ofrece sistemas completos de diagn\u00f3stico e informaci\u00f3n de reparaci\u00f3n para todo tipo de reparaciones, tanto mec\u00e1nicas como por colisi\u00f3n, en los que la informaci\u00f3n del mundo real se integra con las especificaciones de los fabricantes de equipos originales, los procedimientos y mucho m\u00e1s para ayudar a los t\u00e9cnicos a acelerar las reparaciones con confianza.\n\t\t\t<\/div>\n<p>\t\t<\/a><\/div>\n<div class=\"tssbox\"><a href=\"https:\/\/www.johnbean.com\/\" target=\"_blank\"><br \/>\n\t\t<img loading=\"lazy\" decoding=\"async\" src=\"https:\/\/hofmann-equipment.com\/uploads\/tss-logos\/johnbean.png\" width=\"500\" height=\"200\" class=\"product-image\" alt=\"alt=\"john bean\"\"><\/p>\n<div class=\"tsswordbox\">\n\t\t\tJohn Bean\u00ae es l\u00edder mundial en soluciones para equipos de mantenimiento de debajo del autom\u00f3vil y es una de las muchas marcas que Snap-on\u00ae, TOTAL SHOP SOLUTIONS ofrece a los propietarios y gerentes de talleres de reparaci\u00f3n.\n\t\t\t<\/div>\n<p>\t\t<\/a><\/div>\n<div class=\"tssbox\"><a href=\"https:\/\/mitchell1.com\/\" target=\"_blank\"><br \/>\n\t\t<img loading=\"lazy\" decoding=\"async\" src=\"https:\/\/hofmann-equipment.com\/uploads\/tss-logos\/mitchell1.png\" width=\"500\" height=\"200\" class=\"product-image\" alt=\"alt=\"mitchell1\"\"><\/p>\n<div class=\"tsswordbox\">\n\t\t\tComo miembro de la familia de marcas Snap-on\u00ae, TOTAL SHOP SOLUTIONS, Mitchell1\u00ae ofrece un conjunto completo de sofisticados programas inform\u00e1ticos y servicios -incluyendo informaci\u00f3n sobre reparaci\u00f3n de veh\u00edculos, gesti\u00f3n empresarial y servicios de marketing- para ayudar a los talleres de automoci\u00f3n y camiones comerciales a mejorar la eficacia y la rentabilidad en cada paso del proceso de reparaci\u00f3n.\n\t\t\t<\/div>\n<p>\t\t<\/a><\/div>\n<div class=\"tssbox\"><a href=\"https:\/\/www.hofmann-equipment.com\/\" target=\"_blank\"><br \/>\n\t\t<img loading=\"lazy\" decoding=\"async\" src=\"https:\/\/hofmann-equipment.com\/uploads\/tss-logos\/hofmann.png\" width=\"500\" height=\"500\" class=\"product-image\" alt=\"alt=\"hofmann\"\"><\/p>\n<div class=\"tsswordbox\">\n\t\t\tLa excelencia en ingenier\u00eda de las balanceadoras, desmontadoras, alineadoras de ruedas, elevadores de veh\u00edculos y mucho m\u00e1s ha convertido a Hofmann\u00ae en un socio de confianza y respetado por los fabricantes de equipos originales y los profesionales de la reparaci\u00f3n de todo el mundo. Snap-on\u00ae, TOTAL SHOP SOLUTIONS se complace en contar con Hofmann en su amplia familia de marcas.\n\t\t\t<\/div>\n<p>\t\t<\/a><\/div>\n<div class=\"tssbox\"><a href=\"http:\/\/www.kansasjack.com\/\" target=\"_blank\"><br \/>\n\t\t<img loading=\"lazy\" decoding=\"async\" src=\"https:\/\/hofmann-equipment.com\/uploads\/tss-logos\/kansasjack.png\" width=\"500\" height=\"200\" class=\"product-image\" alt=\"alt=\"kansas jack\"\"><\/p>\n<div class=\"tsswordbox\">\n\t\t\tLa industria de reparaci\u00f3n de colisiones conf\u00eda en Kansas Jack, una de las muchas marcas de Snap-on\u00ae, TOTAL SHOP SOLUTIONS. Los datos de medici\u00f3n de chasis y los equipos de enderezado y soldadura de Kansas Jack proporcionan las herramientas necesarias para realizar reparaciones r\u00e1pidas y precisas.\n\t\t\t<\/div>\n<p>\t\t<\/a><\/div>\n<div class=\"tssbox\"><a href=\"https:\/\/eu.boxer-equipment.com\/\" target=\"_blank\"><br \/>\n\t\t<img loading=\"lazy\" decoding=\"async\" src=\"https:\/\/hofmann-equipment.com\/uploads\/tss-logos\/boxer.png\" width=\"500\" height=\"200\" class=\"product-image\" alt=\"alt=\"boxer\"\"><\/p>\n<div class=\"tsswordbox\">\n\t\t\tDesde desmontadoras hasta balanceadoras de ruedas e incluso sistemas para trabajos pesados, Boxer\u00ae es s\u00f3lo una de las muchas marcas de Snap-on\u00ae, TOTAL SHOP SOLUTIONS que sirve de inspiraci\u00f3n para la tecnolog\u00eda del ma\u00f1ana.\n\t\t\t<\/div>\n<p>\t\t<\/a><\/div>\n<div class=\"tssbox\"><a href=\"https:\/\/www.nexiq.com\/\" target=\"_blank\"><br \/>\n\t\t<img loading=\"lazy\" decoding=\"async\" src=\"https:\/\/hofmann-equipment.com\/uploads\/tss-logos\/nexiq.png\" width=\"500\" height=\"200\" class=\"product-image\" alt=\"alt=\"nexiq\"\"><\/p>\n<div class=\"tsswordbox\">\n\t\t\tNexiq Technologies\u00ae, una de las muchas marcas de Snap-on\u00ae, TOTAL SHOP SOLUTIONS, dise\u00f1a, fabrica y distribuye herramientas esenciales de diagn\u00f3stico y gesti\u00f3n de la informaci\u00f3n para la industria de veh\u00edculos comerciales en toda Norteam\u00e9rica, incluidos fabricantes de equipos originales, concesionarios, clientes del mercado de repuestos y m\u00e1s.\n\t\t\t<\/div>\n<p>\t\t<\/a><\/div>\n<div class=\"tssbox\"><a href=\"https:\/\/eu.cartec-equipment.com\/\" target=\"_blank\"><br \/>\n\t\t<img loading=\"lazy\" decoding=\"async\" src=\"https:\/\/hofmann-equipment.com\/uploads\/tss-logos\/cartec.png\" width=\"500\" height=\"200\" class=\"product-image\" alt=\"alt=\"cartec\"\"><\/p>\n<div class=\"tsswordbox\">\n\t\t\tUna de las muchas marcas de Snap-on\u00ae, TOTAL SHOP SOLUTIONS, Cartec\u00ae proporciona a la industria de reparaci\u00f3n de autom\u00f3viles y camiones tecnolog\u00eda avanzada de comprobaci\u00f3n para sistemas modulares, incluyendo dispositivos que comprueban frenos, suspensi\u00f3n, direcci\u00f3n, velocidad, emisiones y mucho m\u00e1s.\n\t\t\t<\/div>\n<p>\t\t<\/a><\/div>\n<div class=\"tssbox\"><a href=\"https:\/\/www.challengerlifts.com\/\" target=\"_blank\"><br \/>\n\t\t<img loading=\"lazy\" decoding=\"async\" src=\"https:\/\/hofmann-equipment.com\/uploads\/tss-logos\/challenger.png\" width=\"500\" height=\"200\" class=\"product-image\" alt=\"alt=\"challenger\"\"><\/p>\n<div class=\"tsswordbox\">\n\t\t\tChallenger Lifts es una de las muchas marcas de Snap-on\u00ae, TOTAL SHOP SOLUTIONS, que ofrece soluciones innovadoras en el sector de los elevadores para autom\u00f3viles, incluyendo elevadores empotrados, de 2 postes, de 4 postes, columnas m\u00f3viles y mucho m\u00e1s.\n\t\t\t<\/div>\n<p>\t\t<\/a><\/div>\n<div class=\"tssbox\"><a href=\"https:\/\/www.procutusa.com\/\" target=\"_blank\"><br \/>\n\t\t<img loading=\"lazy\" decoding=\"async\" src=\"https:\/\/hofmann-equipment.com\/uploads\/tss-logos\/pro-cut.png\" width=\"500\" height=\"200\" class=\"product-image\" alt=\"alt=\"pro-cut\"\"><\/p>\n<div class=\"tsswordbox\">\nPro-Cut\u2122 Brake Solutions de Snap-on\u00ae, TOTAL SHOP SOLUTIONS: Tornos de frenos requeridos por la mayor\u00eda de fabricantes de equipos originales para reparaciones en garant\u00eda, y demandados por la mayor\u00eda de los t\u00e9cnicos de frenos minoristas por su precisi\u00f3n, eficiencia y rentabilidad. Pro-Cut\u2122: Never Outmatched\u2122\n\t\t\t<\/div>\n<p>\t\t<\/a><\/div>\n<div class=\"tssbox\"><a href=\"https:\/\/www.ecotechnics.com\/\" target=\"_blank\"><br \/>\n\t\t<img loading=\"lazy\" decoding=\"async\" src=\"https:\/\/hofmann-equipment.com\/uploads\/tss-logos\/ecotechnics.png\" width=\"500\" height=\"200\" class=\"product-image\" alt=\"alt=\"ecotechnics\"\"><\/p>\n<div class=\"tsswordbox\">\n\t\t\tL\u00edder innovador en m\u00e1quinas de recuperaci\u00f3n, reciclaje y recarga de refrigerantes para sistemas de aire acondicionado de automoci\u00f3n, Ecotechnics\u00ae es miembro de la familia Snap-on\u00ae, TOTAL SHOP SOLUTIONS que fabrica productos adecuados para coches, camiones, autobuses y veh\u00edculos agr\u00edcolas.\n\t\t\t<\/div>\n<p>\t\t<\/a><\/div>\n<div class=\"tssbox\"><a href=\"https:\/\/car-o-liner.com\/\" target=\"_blank\"><br \/>\n\t\t<img loading=\"lazy\" decoding=\"async\" src=\"https:\/\/hofmann-equipment.com\/uploads\/tss-logos\/caroliner.png\" width=\"500\" height=\"200\" class=\"product-image\" alt=\"alt=\"car-o-liner\"\"><\/p>\n<div class=\"tsswordbox\">\n\t\t\tCar-O-Liner\u00ae, miembro de la familia Snap-on\u00ae, TOTAL SHOP SOLUTIONS, es el proveedor l\u00edder mundial de equipos tecnol\u00f3gicamente avanzados y de alta calidad para la reparaci\u00f3n de colisiones en el mercado posventa de la automoci\u00f3n, que ofrece soluciones innovadoras, desarrollo t\u00e9cnico, formaci\u00f3n y asistencia al cliente en todo el mundo.\n\t\t\t<\/div>\n<p>\t\t<\/a><\/div>\n<div class=\"tssbox\"><a href=\"https:\/\/josam.se\/\" target=\"_blank\"><br \/>\n\t\t<img loading=\"lazy\" decoding=\"async\" src=\"https:\/\/hofmann-equipment.com\/uploads\/tss-logos\/josam.png\" width=\"500\" height=\"200\" class=\"product-image\" alt=\"alt=\"josam\"\"><\/p>\n<div class=\"tsswordbox\">\n\t\t\tMiembro de la familia Snap-on\u00ae, TOTAL SHOP SOLUTIONS, Josam\u00ae es un fabricante y proveedor mundial de equipos de alineaci\u00f3n de ruedas, enderezamiento y calentamiento por inducci\u00f3n para la industria de veh\u00edculos pesados.\n\t\t\t<\/div>\n<p>\t\t<\/a><\/div>\n<div class=\"tssbox\"><a href=\"https:\/\/truckcam.com\/\" target=\"_blank\"><br \/>\n\t\t<img loading=\"lazy\" decoding=\"async\" src=\"https:\/\/hofmann-equipment.com\/uploads\/tss-logos\/truckcam.png\" width=\"500\" height=\"200\" class=\"product-image\" alt=\"alt=\"truckcam\"\"><\/p>\n<div class=\"tsswordbox\">\n\t\t\tFabricantes de equipos originales de todo el mundo conf\u00edan en truckCAM\u2122, miembro de la familia Snap-on\u00ae, TOTAL SHOP SOLUTIONS, para soluciones integrales de alineaci\u00f3n de ruedas, control de crucero adaptativo y la tecnolog\u00eda de c\u00e1mara patentada del sistema de advertencia de cambio involuntario de carril en la industria de veh\u00edculos pesados.\n\t\t\t<\/div>\n<p>\t\t<\/a><\/div>\n<div class=\"tssbox\"><a href=\"https:\/\/autovhc.com\/\" target=\"_blank\"><br \/>\n\t\t<img loading=\"lazy\" decoding=\"async\" src=\"https:\/\/hofmann-equipment.com\/uploads\/tss-logos\/autohc.png\" width=\"500\" height=\"200\" class=\"product-image\" alt=\"alt=\"auto hc\"\"><\/p>\n<div class=\"tsswordbox\">\n\t\t\tUna de las marcas de Snap-on\u00ae, TOTAL SHOP SOLUTIONS es autoVHC\u00ae, una plataforma electr\u00f3nica de comprobaci\u00f3n del estado del veh\u00edculo basada en la nube que establece un flujo de trabajo f\u00e1cil de controlar, dando vida a una inspecci\u00f3n con recursos de v\u00eddeo y fotos e informes f\u00e1ciles de usar.\n\t\t\t<\/div>\n<p>\t\t<\/a><\/div>\n<div class=\"tssbox\"><a href=\"https:\/\/www.dealer-fx.com\/\" target=\"_blank\"><br \/>\n\t\t<img loading=\"lazy\" decoding=\"async\" src=\"https:\/\/hofmann-equipment.com\/uploads\/tss-logos\/Dealer-FX-logo.png\" width=\"300\" height=\"28\" class=\"product-image\" alt=\"alt=\"dealer fx\"\"><\/p>\n<div class=\"tsswordbox\">\n\t\t\tONE Platform de Dealer-FX &#8212; miembro de la familia de marcas Snap-on\u00ae, TOTAL SHOP SOLUTIONS &#8212; ayuda a los talleres de reparaci\u00f3n de autom\u00f3viles a gestionar los procesos de su departamento de servicio. Desde la comunicaci\u00f3n con el cliente, la estimaci\u00f3n y la programaci\u00f3n hasta la aprobaci\u00f3n, la facturaci\u00f3n y el pago, Dealer-FX ofrece la \u00fanica soluci\u00f3n totalmente integrada del mercado actual.\n\t\t\t<\/div>\n<p>\t\t<\/a><\/div>\n<\/p><\/div>\n<\/p><\/div>\n<\/p><\/div>\n<\/p><\/div>\n<\/section>\n","protected":false},"excerpt":{"rendered":"<p>&nbsp; TOTAL SHOP SOLUTIONS es una familia de marcas Snap-on&reg; que une de manera perfecta las excelentes ofertas superiores de reparaci&oacute;n automotriz de varios sectores de la industria. Desde balanceadoras de ruedas, alineadoras de ruedas y diagn&oacute;sticos de &uacute;ltima generaci&oacute;n hasta tornos de frenos, elevadores de autom&oacute;viles y soluciones de reparaci&oacute;n de colisiones, las marcas [&hellip;]<\/p>\n","protected":false},"author":486,"featured_media":0,"parent":0,"menu_order":0,"comment_status":"closed","ping_status":"closed","template":"","meta":{"footnotes":""},"_links":{"self":[{"href":"https:\/\/blackhawkcollision.com\/es\/wp-json\/wp\/v2\/pages\/2539"}],"collection":[{"href":"https:\/\/blackhawkcollision.com\/es\/wp-json\/wp\/v2\/pages"}],"about":[{"href":"https:\/\/blackhawkcollision.com\/es\/wp-json\/wp\/v2\/types\/page"}],"author":[{"embeddable":true,"href":"https:\/\/blackhawkcollision.com\/es\/wp-json\/wp\/v2\/users\/486"}],"replies":[{"embeddable":true,"href":"https:\/\/blackhawkcollision.com\/es\/wp-json\/wp\/v2\/comments?post=2539"}],"version-history":[{"count":5,"href":"https:\/\/blackhawkcollision.com\/es\/wp-json\/wp\/v2\/pages\/2539\/revisions"}],"predecessor-version":[{"id":2550,"href":"https:\/\/blackhawkcollision.com\/es\/wp-json\/wp\/v2\/pages\/2539\/revisions\/2550"}],"wp:attachment":[{"href":"https:\/\/blackhawkcollision.com\/es\/wp-json\/wp\/v2\/media?parent=2539"}],"curies":[{"name":"wp","href":"https:\/\/api.w.org\/{rel}","templated":true}]}}