{"id":246,"date":"2018-10-18T16:28:52","date_gmt":"2018-10-18T19:28:52","guid":{"rendered":"http:\/\/webapp61817.ip-72-14-190-229.cloudezapp.io\/notice-to-product-users\/"},"modified":"2019-02-14T13:10:15","modified_gmt":"2019-02-14T13:10:15","slug":"notice-to-product-users","status":"publish","type":"page","link":"https:\/\/blackhawkcollision.com\/fr\/notice-to-product-users\/","title":{"rendered":"Avis aux utilisateurs du produit"},"content":{"rendered":"<p>Les produits Blackhawk sont destin\u00e9s \u00e0 \u00eatre utilis\u00e9s par des ateliers \/ organisations et vous sont souvent administr\u00e9s par votre organisation. Votre utilisation des produits Blackhawk peut \u00eatre soumise aux politiques de votre organisation, le cas \u00e9ch\u00e9ant. Si votre organisation administre votre utilisation des produits Blackhawk, veuillez adresser vos demandes de renseignements concernant la confidentialit\u00e9 \u00e0 votre administrateur.<\/p>\n<p>Blackhawk n&rsquo;est pas responsable des pratiques de confidentialit\u00e9 ou de s\u00e9curit\u00e9 de nos clients, qui peuvent diff\u00e9rer de celles \u00e9nonc\u00e9es dans la pr\u00e9sente d\u00e9claration de confidentialit\u00e9.<\/p>\n<p>Liste des produits Blackhawk valables pour cet avis:<\/p>\n<p>Syst\u00e8me de mesure:<\/p>\n<ul>\n<li>Blackhawk Shark<\/li>\n<li>Blackhawk Prism<\/li>\n<li>Blackhawk Tech Tram<\/li>\n<\/ul>\n<p>L&rsquo;extraction ci-apr\u00e8s du paragraphe GDPR dans Blackhawk SAS (ci-apr\u00e8s d\u00e9nomm\u00e9e [SOCI\u00c9T\u00c9] ci-dessous) s&rsquo;applique \u00e0 tous les distributeurs \/ clients utilisant les produits Blackhawk \u00e9num\u00e9r\u00e9s ci-dessus et conforme \u00e0 GDPR, valable \u00e0 compter du 25 mai 2018 dans toute l&rsquo;Europe:<\/p>\n<p><em>\u201c7. COLLECTE D&rsquo;INFORMATIONS<\/em><\/p>\n<p><em>7.1 Le client accepte que [SOCI\u00c9T\u00c9] puisse collecter et utiliser les informations techniques recueillies aupr\u00e8s d&rsquo;un client afin de faciliter la fonctionnalit\u00e9 et d&rsquo;identifier les besoins d&rsquo;assistance du programme, ainsi que d&rsquo;am\u00e9liorer le programme et de v\u00e9rifier le respect des termes du pr\u00e9sent contrat. Sans limiter ce qui pr\u00e9c\u00e8de, dans le but de mieux comprendre comment utiliser le programme du client, [COMPANY] peut suivre les actions de l&rsquo;utilisateur final et les enregistrer ou les signaler par Internet \u00e0 une base de donn\u00e9es analytique centrale. Dans la mesure o\u00f9 ces informations constituent des donn\u00e9es personnelles, [COMPANY] sera le responsable du traitement de ces donn\u00e9es personnelles.<\/em><\/p>\n<p><em>7.2 Les parties reconnaissent que [SOCI\u00c9T\u00c9] traite les donn\u00e9es \u00e0 caract\u00e8re personnel aux fins \u00e9nonc\u00e9es \u00e0 la section 7.1 en fonction de l\u2019int\u00e9r\u00eat l\u00e9gitime de [SOCI\u00c9T\u00c9], conform\u00e9ment aux lois et r\u00e9glementations en vigueur en mati\u00e8re de protection des donn\u00e9es. Les deux parties doivent \u00e0 tout moment se conformer aux lois et r\u00e8glements en vigueur en mati\u00e8re de protection des donn\u00e9es et \u00e0 la protection des personnes \u00e0 l&rsquo;\u00e9gard du traitement des donn\u00e9es \u00e0 caract\u00e8re personnel. Le client reconna\u00eet que [SOCI\u00c9T\u00c9] traite les donn\u00e9es personnelles des utilisateurs finaux conform\u00e9ment aux politiques applicables en mati\u00e8re de s\u00e9curit\u00e9 et de confidentialit\u00e9 des donn\u00e9es de [SOCI\u00c9T\u00c9] fournies de temps \u00e0 autre par [SOCI\u00c9T\u00c9]..<\/em><\/p>\n<p><em>7.3 En ce qui concerne le traitement des donn\u00e9es personnelles des utilisateurs finaux aux fins sp\u00e9cifi\u00e9es ci-dessus (c&rsquo;est-\u00e0-dire lorsque [SOCI\u00c9T\u00c9] est le responsable du traitement des donn\u00e9es personnelles), le Client s&rsquo;engage \u00e0 veiller \u00e0 ce que toutes les personnes concern\u00e9es disposent des informations appropri\u00e9es. Le client doit indemniser la [SOCI\u00c9T\u00c9] de tout dommage r\u00e9sultant du non-respect de la pr\u00e9sente section 7.\u201d<\/em><\/p>\n<p><em>En cas de conflit entre le pr\u00e9sent avis et les termes de tout contrat entre un client et Blackhawk Products, les termes de ces contrats seront d\u00e9terminants.<\/em><\/p>\n<p>&nbsp;<\/p>\n<p><strong>POLITIQUE DE MOT DE PASSE PROPOS\u00c9E PAR BLACKHAWK<\/strong><\/p>\n<p>Ce qui suit est la strat\u00e9gie de mot de passe propos\u00e9e par Blackhawk \u00e0 utiliser lorsque l&rsquo;enregistrement \/ la d\u00e9finition \/ la modification de mots de passe pour les produits Blackhawk doit \u00eatre conforme \u00e0 la norme GDPR:<\/p>\n<p>Les utilisateurs doivent choisir des mots de passe difficiles \u00e0 deviner. Cela signifie que les mots de passe ne doivent pas \u00eatre li\u00e9s au travail ou \u00e0 la vie priv\u00e9e de l&rsquo;utilisateur.<\/p>\n<ul>\n<li>Par exemple, un num\u00e9ro de plaque d&rsquo;immatriculation de voiture, le nom d&rsquo;un conjoint, la date de naissance de l&rsquo;enfant ou des fragments d&rsquo;adresse ne doivent pas \u00eatre utilis\u00e9s. Cela signifie \u00e9galement que les mots de passe ne doivent pas \u00eatre un mot tir\u00e9 d&rsquo;un dictionnaire, dans aucune langue.<\/li>\n<li>Par exemple, n&rsquo;utilisez pas de noms propres, de lieux, de termes techniques ou d&rsquo;argot. Lorsque ce type de logiciel syst\u00e8me ou de configuration est disponible, il est impossible d\u2019emp\u00eacher les utilisateurs de choisir des mots de passe faciles \u00e0 deviner, c\u2019est-\u00e0-dire des mots de passe qui ne r\u00e9pondent pas aux crit\u00e8res de cette politique.<\/li>\n<\/ul>\n<p>Les mots de passe doivent respecter les consignes suivantes:<\/p>\n<ul>\n<li>Les mots de passe ne doivent pas \u00eatre \u00e9crits et laiss\u00e9s dans un endroit o\u00f9 des personnes non autoris\u00e9es pourraient les d\u00e9couvrir<\/li>\n<li>Les mots de passe ne doivent jamais \u00eatre partag\u00e9s ou r\u00e9v\u00e9l\u00e9s \u00e0 une personne autre que l&rsquo;utilisateur autoris\u00e9<\/li>\n<li>Les mots de passe doivent \u00eatre diff\u00e9rents des mots de passe utilis\u00e9s pour les syst\u00e8mes personnels.<\/li>\n<li>Les mots de passe doivent comporter au moins 8 caract\u00e8res.<\/li>\n<li>Les mots de passe ne doivent pas contenir de parties importantes du nom de compte ou du nom complet de l&rsquo;utilisateur<\/li>\n<li>Les mots de passe doivent contenir des caract\u00e8res appartenant \u00e0 trois des quatre cat\u00e9gories suivantes:<\/li>\n<li>Caract\u00e8res anglais majuscules (A \u00e0 Z)<\/li>\n<li>Caract\u00e8res anglais minuscules (a \u00e0 z)<\/li>\n<li>Base 10 chiffres (0 \u00e0 9)<\/li>\n<li>Caract\u00e8res non alphab\u00e9tiques (par exemple, !, $, #, %)<\/li>\n<\/ul>\n","protected":false},"excerpt":{"rendered":"<p>Les produits Blackhawk sont destin\u00e9s \u00e0 \u00eatre utilis\u00e9s par des ateliers \/ organisations et vous sont souvent administr\u00e9s par votre organisation. Votre utilisation des produits Blackhawk peut \u00eatre soumise aux politiques de votre organisation, le cas \u00e9ch\u00e9ant. Si votre organisation administre votre utilisation des produits Blackhawk, veuillez adresser vos demandes de renseignements concernant la confidentialit\u00e9 [&hellip;]<\/p>\n","protected":false},"author":1,"featured_media":0,"parent":0,"menu_order":0,"comment_status":"closed","ping_status":"closed","template":"","meta":{"footnotes":""},"_links":{"self":[{"href":"https:\/\/blackhawkcollision.com\/fr\/wp-json\/wp\/v2\/pages\/246"}],"collection":[{"href":"https:\/\/blackhawkcollision.com\/fr\/wp-json\/wp\/v2\/pages"}],"about":[{"href":"https:\/\/blackhawkcollision.com\/fr\/wp-json\/wp\/v2\/types\/page"}],"author":[{"embeddable":true,"href":"https:\/\/blackhawkcollision.com\/fr\/wp-json\/wp\/v2\/users\/1"}],"replies":[{"embeddable":true,"href":"https:\/\/blackhawkcollision.com\/fr\/wp-json\/wp\/v2\/comments?post=246"}],"version-history":[{"count":2,"href":"https:\/\/blackhawkcollision.com\/fr\/wp-json\/wp\/v2\/pages\/246\/revisions"}],"predecessor-version":[{"id":481,"href":"https:\/\/blackhawkcollision.com\/fr\/wp-json\/wp\/v2\/pages\/246\/revisions\/481"}],"wp:attachment":[{"href":"https:\/\/blackhawkcollision.com\/fr\/wp-json\/wp\/v2\/media?parent=246"}],"curies":[{"name":"wp","href":"https:\/\/api.w.org\/{rel}","templated":true}]}}