{"id":2525,"date":"2024-02-29T18:03:19","date_gmt":"2024-02-29T18:03:19","guid":{"rendered":"https:\/\/blackhawkcollision.com\/?page_id=2525"},"modified":"2024-03-14T19:03:36","modified_gmt":"2024-03-14T19:03:36","slug":"total-shop-solutions","status":"publish","type":"page","link":"https:\/\/blackhawkcollision.com\/fr\/total-shop-solutions\/","title":{"rendered":"TOTAL SHOP SOLUTIONS"},"content":{"rendered":"<p>&nbsp;<\/p>\n<style>\n.contentbody {\n\tmax-width:1200px;\n\tpadding:0 50px;\n\tmargin:auto;\n}\n.tecgrid {\n\tdisplay: grid;\n\tgrid-template-columns: 1fr 1fr;\n\tgrid-gap: 25px;\n}\n.tssgrid {\n\tdisplay:grid;\n\tgrid-template-columns: repeat(auto-fit, 300px);\n\tjustify-content: space-evenly;\n\tgrid-gap: 40px;\n\tmargin-top:40px;\n}\n.tssbox {\n\tdisplay:grid;\n\talign-content: center;\n\twidth:100%;\n\theight:250px;\n\tpadding:10px;\n\tbackground-color: #d0d0d0;\n\ttext-align:center;\n\tposition:relative;\n\tbox-shadow: 0 0 30px #888888;\n}\n.tsswordbox {\n\tposition:absolute;\n\ttop:0;\n\tleft:0;\n\tbackground-color: #d0d0d0;\n\ttext-align:left;\n\tmin-height:100%;\n\tpadding:10px;\n\topacity: 0;\n\ttransition: opacity 250ms ease-in-out 250ms;\n\tcolor:#000000;\n\tfont-size:15px;\n\tbox-shadow: 0 0 30px #888888;\n}\n.tsswordbox:hover {\n\topacity: 1;\n}\n.tssheader {\n\tmax-width:500px;\n\tmargin:auto;\n}\n.product-image {\n\twidth:100%;\n\theight:auto;\n}\n<\/style>\n<section>\n<div class=\"contentbody\">\n<div class=\"content800\">\n<p><strong>TOTAL SHOP SOLUTIONS<\/strong> est une famille de marques Snap-on\u00ae qui r\u00e9unit de mani\u00e8re coh\u00e9rente des offres de r\u00e9paration automobile de qualit\u00e9 sup\u00e9rieure provenant de diff\u00e9rents secteurs de l&rsquo;industrie.<\/p>\n<p>Qu&rsquo;il s&rsquo;agisse d&rsquo;\u00e9quilibreuses de roues, de contr\u00f4leurs de g\u00e9om\u00e9trie, de diagnostics multi marques, de d\u00e9monte pneus, de ponts \u00e9l\u00e9vateurs pour automobiles ou de solutions de r\u00e9paration des collisions, les marques incluses dans la famille Total Shop Solutions offrent une gamme exclusive d&rsquo;options, fournissant une bo\u00eete \u00e0 outils compl\u00e8te pour \u00e9quiper n&rsquo;importe quel atelier.<\/p>\n<\/p><\/div>\n<div class=\"container\">\n<div class=\"tssgrid\">\n<div class=\"tssbox\"><a href=\"https:\/\/blackhawkcollision.com\/\" target=\"_blank\"><br \/>\n\t\t<img loading=\"lazy\" decoding=\"async\" src=\"https:\/\/hofmann-equipment.com\/uploads\/tss-logos\/blackhawk.png\" width=\"500\" height=\"200\" class=\"product-image\" alt=\"alt=\"blackhawk\"\"><\/p>\n<div class=\"tsswordbox\">\n\t\t\tMembre de la famille Snap-on\u00ae, TOTAL SHOP SOLUTIONS, BlackHawk\u2122 est une marque leader dans le domaine des syst\u00e8mes de redressage, de mesure, de levage, de soudage et d&rsquo;induction, offrant des solutions efficaces et d&rsquo;une grande pr\u00e9cision \u00e0 l&rsquo;industrie de la r\u00e9paration automobile.\n\t\t\t<\/div>\n<p>\t\t<\/a><\/div>\n<div class=\"tssbox\"><a href=\"https:\/\/www.snapon.com\/\" target=\"_blank\"><br \/>\n\t\t<img loading=\"lazy\" decoding=\"async\" src=\"https:\/\/hofmann-equipment.com\/uploads\/tss-logos\/snapon.png\" width=\"500\" height=\"200\" class=\"product-image\" alt=\"alt=\"snap-on\"\"><\/p>\n<div class=\"tsswordbox\">\n\t\t\tNos produits et services englobent des milliers d\u2019outils \u00e0 main haut de gamme, d\u2019outils \u00e9lectriques, de produits de stockage d\u2019outils (y compris les logiciels et le mat\u00e9riel de contr\u00f4le des outils), de diagnostics, d\u2019\u00e9quipements et d\u2019accessoires connexes, de catalogues de pi\u00e8ces \u00e9lectroniques, de solutions d\u2019analyse de garantie, de syst\u00e8mes et de services de gestion d\u2019entreprise, de d\u00e9veloppement et de distribution d\u2019outils et d\u2019\u00e9quipements sp\u00e9cialis\u00e9s OEM, ainsi que de services de facilitation OEM.\n\t\t\t<\/div>\n<p>\t\t<\/a><\/div>\n<div class=\"tssbox\"><a href=\"https:\/\/eu.sun-workshopsolutions.com\/\" target=\"_blank\"><br \/>\n\t\t<img loading=\"lazy\" decoding=\"async\" src=\"https:\/\/hofmann-equipment.com\/uploads\/tss-logos\/sun.png\" width=\"500\" height=\"200\" class=\"product-image\" alt=\"alt=\"sun\"\"><\/p>\n<div class=\"tsswordbox\">\n\t\t\tSUN\u00ae, l&rsquo;une des nombreuses marques de Snap-on\u00ae, TOTAL SHOP SOLUTIONS, propose des syst\u00e8mes complets de diagnostic et d&rsquo;information sur les r\u00e9parations pour tous les types de r\u00e9parations, qu&rsquo;il s&rsquo;agisse de collisions ou de r\u00e9parations m\u00e9caniques, o\u00f9 les connaissances du monde r\u00e9el s&rsquo;int\u00e8grent aux sp\u00e9cifications, proc\u00e9dures et autres des fabricants d&rsquo;\u00e9quipement d&rsquo;origine pour aider les techniciens \u00e0 acc\u00e9l\u00e9rer les r\u00e9parations en toute confiance.\n\t\t\t<\/div>\n<p>\t\t<\/a><\/div>\n<div class=\"tssbox\"><a href=\"https:\/\/www.johnbean.com\/\" target=\"_blank\"><br \/>\n\t\t<img loading=\"lazy\" decoding=\"async\" src=\"https:\/\/hofmann-equipment.com\/uploads\/tss-logos\/johnbean.png\" width=\"500\" height=\"200\" class=\"product-image\" alt=\"alt=\"john bean\"\"><\/p>\n<div class=\"tsswordbox\">\n\t\t\tJohn Bean\u00ae est une source de premier plan dans le monde entier pour les solutions d&rsquo;\u00e9quipement d&rsquo;entretien du soubassement des voitures et est l&rsquo;une des nombreuses marques que Snap-on\u00ae, TOTAL SHOP SOLUTIONS propose aux propri\u00e9taires et aux directeurs d&rsquo;ateliers de r\u00e9paration.\n\t\t\t<\/div>\n<p>\t\t<\/a><\/div>\n<div class=\"tssbox\"><a href=\"https:\/\/mitchell1.com\/\" target=\"_blank\"><br \/>\n\t\t<img loading=\"lazy\" decoding=\"async\" src=\"https:\/\/hofmann-equipment.com\/uploads\/tss-logos\/mitchell1.png\" width=\"500\" height=\"200\" class=\"product-image\" alt=\"alt=\"mitchell1\"\"><\/p>\n<div class=\"tsswordbox\">\n\t\t\tEn tant que membre de la famille de marques Snap-on\u00ae, TOTAL SHOP SOLUTIONS, Mitchell1\u00ae offre une suite compl\u00e8te de logiciels et de services sophistiqu\u00e9s &#8211; y compris des informations sur la r\u00e9paration des v\u00e9hicules, des services de gestion commerciale et de marketing &#8211; pour aider les ateliers automobiles et de camions commerciaux \u00e0 am\u00e9liorer leur efficacit\u00e9 et leur rentabilit\u00e9 \u00e0 chaque \u00e9tape du processus de r\u00e9paration.\n\t\t\t<\/div>\n<p>\t\t<\/a><\/div>\n<div class=\"tssbox\"><a href=\"https:\/\/eu.cartec-equipment.com\/\" target=\"_blank\"><br \/>\n\t\t\t<img loading=\"lazy\" decoding=\"async\" src=\"https:\/\/hofmann-equipment.com\/uploads\/tss-logos\/cartec.png\" width=\"500\" height=\"200\" class=\"product-image\" alt=\"alt=\"cartec\"\"><\/p>\n<div class=\"tsswordbox\">\n\t\t\tL&rsquo;une des nombreuses marques de Snap-on\u00ae, TOTAL SHOP SOLUTIONS, Cartec\u00ae fournit \u00e0 l&rsquo;industrie de la r\u00e9paration automobile et des camions une technologie de test avanc\u00e9e pour les syst\u00e8mes modulaires, y compris des dispositifs qui testent les freins, la suspension, la direction, la vitesse, les \u00e9missions et plus encore.\n\t\t\t<\/div>\n<p>\t\t<\/a><\/div>\n<div class=\"tssbox\"><a href=\"https:\/\/www.hofmann-equipment.com\/\" target=\"_blank\"><br \/>\n\t\t\t\t\t<img loading=\"lazy\" decoding=\"async\" src=\"https:\/\/hofmann-equipment.com\/uploads\/tss-logos\/hofmann.png\" width=\"500\" height=\"500\" class=\"product-image\" alt=\"alt=\"hofmann\"\"><\/p>\n<div class=\"tsswordbox\">\n\t\t\t\t\t\tL&rsquo;excellence de l&rsquo;ing\u00e9nierie des \u00e9quilibreuses de roues, des d\u00e9monte-pneus, des alignements de roues, des \u00e9l\u00e9vateurs de v\u00e9hicules et bien plus encore a fait de Hofmann\u00ae un partenaire de confiance et respect\u00e9 par les \u00e9quipementiers et les professionnels de la r\u00e9paration du monde entier. Snap-on\u00ae, TOTAL SHOP SOLUTIONS est heureux d&rsquo;avoir Hofmann dans sa grande famille de marques.\n\t\t\t\t\t\t<\/div>\n<p>\t\t\t\t\t<\/a><\/div>\n<div class=\"tssbox\"><a href=\"http:\/\/www.kansasjack.com\/\" target=\"_blank\"><br \/>\n\t\t<img loading=\"lazy\" decoding=\"async\" src=\"https:\/\/hofmann-equipment.com\/uploads\/tss-logos\/kansasjack.png\" width=\"500\" height=\"200\" class=\"product-image\" alt=\"alt=\"kansas jack\"\"><\/p>\n<div class=\"tsswordbox\">\n\t\t\tLe secteur de la r\u00e9paration des carrosseries fait confiance \u00e0 Kansas Jack, l&rsquo;une des nombreuses marques de Snap-on\u00ae, TOTAL SHOP SOLUTIONS. Les donn\u00e9es de mesure du cadre, les \u00e9quipements de redressage et de soudage de Kansas Jack fournissent les outils n\u00e9cessaires pour effectuer des r\u00e9parations rapides et pr\u00e9cises.\n\t\t\t<\/div>\n<p>\t\t<\/a><\/div>\n<div class=\"tssbox\"><a href=\"https:\/\/eu.boxer-equipment.com\/\" target=\"_blank\"><br \/>\n\t\t<img loading=\"lazy\" decoding=\"async\" src=\"https:\/\/hofmann-equipment.com\/uploads\/tss-logos\/boxer.png\" width=\"500\" height=\"200\" class=\"product-image\" alt=\"alt=\"boxer\"\"><\/p>\n<div class=\"tsswordbox\">\n\t\t\tDes d\u00e9monte-pneus aux \u00e9quilibreuses de roues, en passant par les syst\u00e8mes pour charges lourdes, Boxer\u00ae n&rsquo;est que l&rsquo;une des nombreuses marques de Snap-on\u00ae, TOTAL SHOP SOLUTIONS, qui sert d&rsquo;inspiration \u00e0 la technologie de demain.\n\t\t\t<\/div>\n<p>\t\t<\/a><\/div>\n<div class=\"tssbox\"><a href=\"https:\/\/www.nexiq.com\/\" target=\"_blank\"><br \/>\n\t\t<img loading=\"lazy\" decoding=\"async\" src=\"https:\/\/hofmann-equipment.com\/uploads\/tss-logos\/nexiq.png\" width=\"500\" height=\"200\" class=\"product-image\" alt=\"alt=\"nexiq\"\"><\/p>\n<div class=\"tsswordbox\">\n\t\t\tNexiq Technologies\u00ae, l&rsquo;une des nombreuses marques de Snap-on\u00ae, TOTAL SHOP SOLUTIONS, con\u00e7oit, fabrique et distribue des outils essentiels de diagnostic et de gestion de l&rsquo;information \u00e0 l&rsquo;industrie des v\u00e9hicules commerciaux dans toute l&rsquo;Am\u00e9rique du Nord, y compris aux \u00e9quipementiers, aux concessionnaires, aux clients du march\u00e9 secondaire et plus encore.\n\t\t\t<\/div>\n<p>\t\t<\/a><\/div>\n<div class=\"tssbox\"><a href=\"https:\/\/www.challengerlifts.com\/\" target=\"_blank\"><br \/>\n\t\t<img loading=\"lazy\" decoding=\"async\" src=\"https:\/\/hofmann-equipment.com\/uploads\/tss-logos\/challenger.png\" width=\"500\" height=\"200\" class=\"product-image\" alt=\"alt=\"challenger\"\"><\/p>\n<div class=\"tsswordbox\">\n\t\t\tChallenger Lifts est l&rsquo;une des nombreuses marques de Snap-on\u00ae, TOTAL SHOP SOLUTIONS, qui fournit des solutions innovantes dans le secteur des ascenseurs pour automobiles, notamment des ascenseurs enterr\u00e9s, \u00e0 2 ou 4 montants, des colonnes mobiles et bien plus encore.\n\t\t\t<\/div>\n<p>\t\t<\/a><\/div>\n<div class=\"tssbox\"><a href=\"https:\/\/www.procutusa.com\/\" target=\"_blank\"><br \/>\n\t\t<img loading=\"lazy\" decoding=\"async\" src=\"https:\/\/hofmann-equipment.com\/uploads\/tss-logos\/pro-cut.png\" width=\"500\" height=\"200\" class=\"product-image\" alt=\"alt=\"pro-cut\"\"><\/p>\n<div class=\"tsswordbox\">\n\t\t\tSolutions de freinage Pro-Cut de Snap-on\u00ae, SOLUTIONS DE MAGASIN TOTALES: Tours de freinage requis par la plupart des marques OEM pour les r\u00e9parations sous garantie, et demand\u00e9s par la plupart des techniciens de freinage pour leur pr\u00e9cision, leur efficacit\u00e9 et leur rentabilit\u00e9. Pro-Cut : Never Outmatched\u2122\n\t\t\t<\/div>\n<p>\t\t<\/a><\/div>\n<div class=\"tssbox\"><a href=\"https:\/\/www.ecotechnics.com\/\" target=\"_blank\"><br \/>\n\t\t<img loading=\"lazy\" decoding=\"async\" src=\"https:\/\/hofmann-equipment.com\/uploads\/tss-logos\/ecotechnics.png\" width=\"500\" height=\"200\" class=\"product-image\" alt=\"alt=\"ecotechnics\"\"><\/p>\n<div class=\"tsswordbox\">\n\t\t\tInnovateur de premier plan dans le domaine des machines de r\u00e9cup\u00e9ration, de recyclage et de recharge des fluides frigorig\u00e8nes pour les syst\u00e8mes de climatisation automobile, Ecotechnics\u00ae est membre de la famille Snap-on\u00ae, TOTAL SHOP SOLUTIONS, et fabrique des produits adapt\u00e9s aux voitures, camions, bus et v\u00e9hicules agricoles.\n\t\t\t<\/div>\n<p>\t\t<\/a><\/div>\n<div class=\"tssbox\"><a href=\"https:\/\/car-o-liner.com\/\" target=\"_blank\"><br \/>\n\t\t<img loading=\"lazy\" decoding=\"async\" src=\"https:\/\/hofmann-equipment.com\/uploads\/tss-logos\/caroliner.png\" width=\"500\" height=\"200\" class=\"product-image\" alt=\"alt=\"car-o-liner\"\"><\/p>\n<div class=\"tsswordbox\">\n\t\t\tMembre de la famille Snap-on\u00ae, TOTAL SHOP SOLUTIONS, Car-O-Liner\u00ae est le premier fournisseur mondial d&rsquo;\u00e9quipements de r\u00e9paration des collisions de haute qualit\u00e9 et technologiquement avanc\u00e9s pour le march\u00e9 secondaire de l&rsquo;automobile. Il fournit des solutions innovantes, un d\u00e9veloppement technique, une formation et un support client dans le monde entier.\n\t\t\t<\/div>\n<p>\t\t<\/a><\/div>\n<div class=\"tssbox\"><a href=\"https:\/\/josam.se\/\" target=\"_blank\"><br \/>\n\t\t<img loading=\"lazy\" decoding=\"async\" src=\"https:\/\/hofmann-equipment.com\/uploads\/tss-logos\/josam.png\" width=\"500\" height=\"200\" class=\"product-image\" alt=\"alt=\"josam\"\"><\/p>\n<div class=\"tsswordbox\">\n\t\t\tMembre de la famille Snap-on\u00ae, TOTAL SHOP SOLUTIONS, Josam\u00ae est un fabricant et fournisseur mondial d&rsquo;\u00e9quipements d&rsquo;alignement de roues, de redressement et de chauffage par induction pour l&rsquo;industrie des v\u00e9hicules lourds.\n\t\t\t<\/div>\n<p>\t\t<\/a><\/div>\n<div class=\"tssbox\"><a href=\"https:\/\/truckcam.com\/\" target=\"_blank\"><br \/>\n\t\t<img loading=\"lazy\" decoding=\"async\" src=\"https:\/\/hofmann-equipment.com\/uploads\/tss-logos\/truckcam.png\" width=\"500\" height=\"200\" class=\"product-image\" alt=\"alt=\"truckcam\"\"><\/p>\n<div class=\"tsswordbox\">\n\t\t\tLes \u00e9quipementiers du monde entier font confiance \u00e0 truckCAM\u2122, un membre de la famille Snap-on\u00ae, TOTAL SHOP SOLUTIONS, pour les solutions de fin de ligne pour l&rsquo;alignement des roues, le r\u00e9gulateur de vitesse adaptatif et la technologie de cam\u00e9ra brevet\u00e9e du syst\u00e8me de d\u00e9tection de sortie de voie dans l&rsquo;industrie des poids lourds.\n\t\t\t<\/div>\n<p>\t\t<\/a><\/div>\n<div class=\"tssbox\"><a href=\"https:\/\/autovhc.com\/\" target=\"_blank\"><br \/>\n\t\t<img loading=\"lazy\" decoding=\"async\" src=\"https:\/\/hofmann-equipment.com\/uploads\/tss-logos\/autohc.png\" width=\"500\" height=\"200\" class=\"product-image\" alt=\"alt=\"auto hc\"\"><\/p>\n<div class=\"tsswordbox\">\n\t\t\tL&rsquo;une des marques de Snap-on\u00ae, TOTAL SHOP SOLUTIONS est autoVHC\u00ae, une plateforme \u00e9lectronique de contr\u00f4le de l&rsquo;\u00e9tat des v\u00e9hicules bas\u00e9e sur le cloud qui \u00e9tablit un flux de travail facile \u00e0 contr\u00f4ler, donnant vie \u00e0 votre inspection gr\u00e2ce \u00e0 des ressources vid\u00e9o et photo et \u00e0 des rapports conviviaux.\n\t\t\t<\/div>\n<p>\t\t<\/a><\/div>\n<div class=\"tssbox\"><a href=\"https:\/\/www.dealer-fx.com\/\" target=\"_blank\"><br \/>\n\t\t<img loading=\"lazy\" decoding=\"async\" src=\"https:\/\/hofmann-equipment.com\/uploads\/tss-logos\/Dealer-FX-logo.png\" width=\"300\" height=\"28\" class=\"product-image\" alt=\"alt=\"dealer fx\"\"><\/p>\n<div class=\"tsswordbox\">\n\t\t\tONE Platform de Dealer-FX &#8212; un membre de la famille de marques Snap-on\u00ae, TOTAL SHOP SOLUTIONS &#8212; aide les ateliers de r\u00e9paration automobile \u00e0 g\u00e9rer les processus de leur d\u00e9partement de service. Depuis les communications avec les clients, l&rsquo;estimation et la programmation jusqu&rsquo;\u00e0 l&rsquo;approbation, la facturation et le paiement, Dealer-FX offre la seule solution enti\u00e8rement int\u00e9gr\u00e9e sur le march\u00e9 aujourd&rsquo;hui.\n\t\t\t<\/div>\n<p>\t\t<\/a><\/div>\n<\/p><\/div>\n<\/p><\/div>\n<\/p><\/div>\n<\/p><\/div>\n<\/section>\n","protected":false},"excerpt":{"rendered":"<p>&nbsp; TOTAL SHOP SOLUTIONS est une famille de marques Snap-on\u00ae qui r\u00e9unit de mani\u00e8re coh\u00e9rente des offres de r\u00e9paration automobile de qualit\u00e9 sup\u00e9rieure provenant de diff\u00e9rents secteurs de l&rsquo;industrie. Qu&rsquo;il s&rsquo;agisse d&rsquo;\u00e9quilibreuses de roues, de contr\u00f4leurs de g\u00e9om\u00e9trie, de diagnostics multi marques, de d\u00e9monte pneus, de ponts \u00e9l\u00e9vateurs pour automobiles ou de solutions de r\u00e9paration [&hellip;]<\/p>\n","protected":false},"author":486,"featured_media":0,"parent":0,"menu_order":0,"comment_status":"closed","ping_status":"closed","template":"","meta":{"footnotes":""},"_links":{"self":[{"href":"https:\/\/blackhawkcollision.com\/fr\/wp-json\/wp\/v2\/pages\/2525"}],"collection":[{"href":"https:\/\/blackhawkcollision.com\/fr\/wp-json\/wp\/v2\/pages"}],"about":[{"href":"https:\/\/blackhawkcollision.com\/fr\/wp-json\/wp\/v2\/types\/page"}],"author":[{"embeddable":true,"href":"https:\/\/blackhawkcollision.com\/fr\/wp-json\/wp\/v2\/users\/486"}],"replies":[{"embeddable":true,"href":"https:\/\/blackhawkcollision.com\/fr\/wp-json\/wp\/v2\/comments?post=2525"}],"version-history":[{"count":6,"href":"https:\/\/blackhawkcollision.com\/fr\/wp-json\/wp\/v2\/pages\/2525\/revisions"}],"predecessor-version":[{"id":2547,"href":"https:\/\/blackhawkcollision.com\/fr\/wp-json\/wp\/v2\/pages\/2525\/revisions\/2547"}],"wp:attachment":[{"href":"https:\/\/blackhawkcollision.com\/fr\/wp-json\/wp\/v2\/media?parent=2525"}],"curies":[{"name":"wp","href":"https:\/\/api.w.org\/{rel}","templated":true}]}}