{"id":248,"date":"2018-10-18T16:28:52","date_gmt":"2018-10-18T19:28:52","guid":{"rendered":"http:\/\/webapp61817.ip-72-14-190-229.cloudezapp.io\/notice-to-product-users\/"},"modified":"2019-02-14T12:39:25","modified_gmt":"2019-02-14T12:39:25","slug":"notice-to-product-users","status":"publish","type":"page","link":"https:\/\/blackhawkcollision.com\/it\/notice-to-product-users\/","title":{"rendered":"Avviso per gli utenti del prodotto"},"content":{"rendered":"<p>I prodotti Blackhawk sono destinati all&#8217;uso da parte di workshop \/ organizzazioni e sono spesso amministrati dalla tua organizzazione. L&#8217;utilizzo dei prodotti Blackhawk potrebbe essere soggetto alle politiche della tua organizzazione, se presenti. Se la propria organizzazione sta amministrando l&#8217;utilizzo dei prodotti Blackhawk, si prega di indirizzare le richieste sulla privacy al proprio amministratore.<\/p>\n<p>Blackhawk non \u00e8 responsabile per la privacy o le pratiche di sicurezza dei nostri clienti, che possono differire da quelle contenute nella presente informativa sulla privacy.<\/p>\n<p>Elenco dei prodotti Blackhawk validi per questo avviso:<\/p>\n<p>Sistema di misurazione:<\/p>\n<ul>\n<li>Blackhawk Shark<\/li>\n<li>Blackhawk Prism<\/li>\n<li>Blackhawk Tech Tram<\/li>\n<\/ul>\n<p>La seguente estrazione del paragrafo GDPR in Blackhawk SAS (denominato [SOCIET\u00c0] sotto) \u00e8 l&#8217;ultimo contratto di licenza software applicabile a tutti i distributori \/ clienti che utilizzano i prodotti Blackhawk elencati sopra e conformi a GDPR, validi dal 25 maggio 2018 in tutta Europa:<\/p>\n<p><em>\u201c7. RACCOLTA DI INFORMAZIONI<\/em><\/p>\n<p><em>7.1 Il Cliente accetta che [LA SOCIET\u00c0] possa raccogliere e utilizzare le informazioni tecniche raccolte da un Cliente al fine di facilitare la funzionalit\u00e0 e identificare le esigenze di supporto del Programma, nonch\u00e9 migliorare il Programma e verificare la conformit\u00e0 ai termini del presente Accordo. Senza limitare quanto sopra, al fine di ottenere una migliore comprensione del modo in cui il Programma di utilizzo del cliente, [AZIENDA] pu\u00f2, tracciare le azioni dell&#8217;utente finale e registrarle o segnalarle su Internet a un database centrale di analisi. Nella misura in cui tali informazioni costituiscono Dati personali, [LA SOCIET\u00c0] \u00e8 responsabile del trattamento di tali Dati personali.<\/em><\/p>\n<p><em>7.2 Le Parti riconoscono che [LA SOCIET\u00c0] tratta i Dati Personali per gli scopi indicati nella Sezione 7.1 in base all&#8217;interesse legittimo di [SOCIET\u00c0] in conformit\u00e0 con le leggi e i regolamenti applicabili in materia di protezione dei dati. Entrambe le parti devono rispettare in ogni momento le leggi e i regolamenti applicabili in materia di protezione dei dati per la protezione delle persone con riguardo al trattamento dei dati personali. Il Cliente riconosce che [LA SOCIET\u00c0] elabora i Dati personali degli utenti finali come stabilito nelle politiche di sicurezza e riservatezza dei dati applicabili di [SOCIET\u00c0] che sono fornite da [SOCIET\u00c0] al Cliente di volta in volta.<\/em><\/p>\n<p><em>7.3 In relazione al trattamento dei Dati personali degli utenti finali per gli scopi specificati sopra (vale a dire dove [LA SOCIET\u00c0] \u00e8 il responsabile del trattamento dei Dati personali), il Cliente si impegna a garantire che a tutte le persone interessate siano fornite informazioni adeguate. Il Cliente dovr\u00e0 risarcire [LA SOCIET\u00c0] per qualsiasi e tutti i danni dovuti al mancato rispetto di questa Sezione 7\u201d<\/em><\/p>\n<p><em>In caso di conflitto tra questo avviso e i termini di qualsiasi accordo tra un cliente e i prodotti Blackhawk, i termini di tali accordi controlleranno.<\/em><\/p>\n<p>&nbsp;<\/p>\n<p><strong>POLITICA DELLA PASSWORD DI PRODOTTO PROPOSTA DI BLACKHAWK<\/strong><\/p>\n<p>Di seguito \u00e8 riportato il criterio password proposto da Blackhawk per la registrazione \/ impostazione \/ modifica delle password per i prodotti Blackhawk in conformit\u00e0 con lo standard GDPR:<\/p>\n<p>Gli utenti devono scegliere password difficili da indovinare. Ci\u00f2 significa che le password non devono essere correlate al lavoro di un utente o alla vita personale.<\/p>\n<ul>\n<li>Ad esempio, il numero di targa dell&#8217;auto, il nome del coniuge, il compleanno di un bambino o frammenti di un indirizzo non devono essere utilizzati. Questo significa anche che le password non devono essere una parola da un dizionario, in qualsiasi lingua.<\/li>\n<li>Ad esempio, non utilizzare nomi, luoghi, termini tecnici o gergali appropriati. Laddove questo tipo di software o configurazione di sistema \u00e8 disponibile, agli utenti deve essere impedito di selezionare password facilmente indovinate, ovvero password che non soddisfano i criteri di questa politica.<\/li>\n<\/ul>\n<p>Le password devono rispettare le seguenti linee guida:<\/p>\n<ul>\n<li>Le password non devono essere scritte e lasciate in un luogo in cui persone non autorizzate potrebbero scoprirle<\/li>\n<li>Le password non devono mai essere condivise o rivelate a nessun altro a parte l&#8217;utente autorizzato<\/li>\n<li>Le password devono essere diverse dalle password utilizzate per i sistemi personali<\/li>\n<li>Le password devono avere una lunghezza minima di 8 caratteri<\/li>\n<li>Le password non devono contenere parti significative del nome dell&#8217;account o del nome completo dell&#8217;utente<\/li>\n<li>Le password devono contenere caratteri di tre delle seguenti quattro categorie:<\/li>\n<li>Caratteri maiuscoli inglesi (dalla A alla Z)<\/li>\n<li>Caratteri minuscoli inglesi (dalla a alla z)<\/li>\n<li>Base 10 cifre (da 0 a 9)<\/li>\n<li>Caratteri non alfabetici (ad esempio,!, $, #,%)<\/li>\n<\/ul>\n","protected":false},"excerpt":{"rendered":"<p>I prodotti Blackhawk sono destinati all&#8217;uso da parte di workshop \/ organizzazioni e sono spesso amministrati dalla tua organizzazione. L&#8217;utilizzo dei prodotti Blackhawk potrebbe essere soggetto alle politiche della tua organizzazione, se presenti. Se la propria organizzazione sta amministrando l&#8217;utilizzo dei prodotti Blackhawk, si prega di indirizzare le richieste sulla privacy al proprio amministratore. Blackhawk [&hellip;]<\/p>\n","protected":false},"author":1,"featured_media":0,"parent":0,"menu_order":0,"comment_status":"closed","ping_status":"closed","template":"","meta":{"footnotes":""},"_links":{"self":[{"href":"https:\/\/blackhawkcollision.com\/it\/wp-json\/wp\/v2\/pages\/248"}],"collection":[{"href":"https:\/\/blackhawkcollision.com\/it\/wp-json\/wp\/v2\/pages"}],"about":[{"href":"https:\/\/blackhawkcollision.com\/it\/wp-json\/wp\/v2\/types\/page"}],"author":[{"embeddable":true,"href":"https:\/\/blackhawkcollision.com\/it\/wp-json\/wp\/v2\/users\/1"}],"replies":[{"embeddable":true,"href":"https:\/\/blackhawkcollision.com\/it\/wp-json\/wp\/v2\/comments?post=248"}],"version-history":[{"count":2,"href":"https:\/\/blackhawkcollision.com\/it\/wp-json\/wp\/v2\/pages\/248\/revisions"}],"predecessor-version":[{"id":474,"href":"https:\/\/blackhawkcollision.com\/it\/wp-json\/wp\/v2\/pages\/248\/revisions\/474"}],"wp:attachment":[{"href":"https:\/\/blackhawkcollision.com\/it\/wp-json\/wp\/v2\/media?parent=248"}],"curies":[{"name":"wp","href":"https:\/\/api.w.org\/{rel}","templated":true}]}}